{"id":719,"date":"2022-02-22T00:08:48","date_gmt":"2022-02-22T03:08:48","guid":{"rendered":"https:\/\/sempresafe.com\/?page_id=719"},"modified":"2026-03-09T15:37:37","modified_gmt":"2026-03-09T18:37:37","slug":"analise-de-vulnerabilidade","status":"publish","type":"page","link":"https:\/\/sempresafe.com\/en\/analise-de-vulnerabilidade\/","title":{"rendered":"Vulnerability Analysis"},"content":{"rendered":"<div data-elementor-type=\"wp-page\" data-elementor-id=\"719\" class=\"elementor elementor-719\" data-elementor-post-type=\"page\">\n\t\t\t\t\t\t<section class=\"elementor-section elementor-top-section elementor-element elementor-element-eb44aba elementor-section-boxed elementor-section-height-default elementor-section-height-default\" data-id=\"eb44aba\" data-element_type=\"section\" data-e-type=\"section\" data-settings=\"{&quot;background_background&quot;:&quot;classic&quot;}\">\n\t\t\t\t\t\t\t<div class=\"elementor-background-overlay\"><\/div>\n\t\t\t\t\t\t\t<div class=\"elementor-container elementor-column-gap-default\">\n\t\t\t\t\t<div class=\"elementor-column elementor-col-100 elementor-top-column elementor-element elementor-element-8556b42\" data-id=\"8556b42\" data-element_type=\"column\" data-e-type=\"column\">\n\t\t\t<div class=\"elementor-widget-wrap elementor-element-populated\">\n\t\t\t\t\t\t<section class=\"elementor-section elementor-inner-section elementor-element elementor-element-6a14080 elementor-section-boxed elementor-section-height-default elementor-section-height-default\" data-id=\"6a14080\" data-element_type=\"section\" data-e-type=\"section\">\n\t\t\t\t\t\t<div class=\"elementor-container elementor-column-gap-default\">\n\t\t\t\t\t<div class=\"elementor-column elementor-col-50 elementor-inner-column elementor-element elementor-element-16d389f\" data-id=\"16d389f\" data-element_type=\"column\" data-e-type=\"column\">\n\t\t\t<div class=\"elementor-widget-wrap elementor-element-populated\">\n\t\t\t\t\t\t<div class=\"elementor-element elementor-element-e7838b3 elementor-widget__width-initial elementor-widget elementor-widget-heading\" data-id=\"e7838b3\" data-element_type=\"widget\" data-e-type=\"widget\" data-widget_type=\"heading.default\">\n\t\t\t\t<div class=\"elementor-widget-container\">\n\t\t\t\t\t<h1 class=\"elementor-heading-title elementor-size-default\">Vulnerability analysis \/ Pen test<\/h1>\t\t\t\t<\/div>\n\t\t\t\t<\/div>\n\t\t\t\t<div class=\"elementor-element elementor-element-879ea8e elementor-widget elementor-widget-image\" data-id=\"879ea8e\" data-element_type=\"widget\" data-e-type=\"widget\" data-widget_type=\"image.default\">\n\t\t\t\t<div class=\"elementor-widget-container\">\n\t\t\t\t\t\t\t\t\t\t\t\t\t\t\t<img fetchpriority=\"high\" decoding=\"async\" width=\"494\" height=\"497\" src=\"https:\/\/sempresafe.com\/wp-content\/uploads\/2022\/02\/rectangle-2241-2-031021.png\" class=\"attachment-large size-large wp-image-721\" alt=\"An\u00e1lise de Vulnerabilidade\" srcset=\"https:\/\/sempresafe.com\/wp-content\/uploads\/2022\/02\/rectangle-2241-2-031021.png 494w, https:\/\/sempresafe.com\/wp-content\/uploads\/2022\/02\/rectangle-2241-2-031021-298x300.png 298w, https:\/\/sempresafe.com\/wp-content\/uploads\/2022\/02\/rectangle-2241-2-031021-150x150.png 150w\" sizes=\"(max-width: 494px) 100vw, 494px\" \/>\t\t\t\t\t\t\t\t\t\t\t\t\t\t\t<\/div>\n\t\t\t\t<\/div>\n\t\t\t\t\t<\/div>\n\t\t<\/div>\n\t\t\t\t<div class=\"elementor-column elementor-col-50 elementor-inner-column elementor-element elementor-element-a7f168e\" data-id=\"a7f168e\" data-element_type=\"column\" data-e-type=\"column\">\n\t\t\t<div class=\"elementor-widget-wrap elementor-element-populated\">\n\t\t\t\t\t\t<div class=\"elementor-element elementor-element-1fe7592 elementor-widget__width-initial elementor-widget elementor-widget-text-editor\" data-id=\"1fe7592\" data-element_type=\"widget\" data-e-type=\"widget\" data-widget_type=\"text-editor.default\">\n\t\t\t\t<div class=\"elementor-widget-container\">\n\t\t\t\t\t\t\t\t\t<p>Vulnerability analysis \/ Pen test, protect your company from vulnerabilities in your IT environment. With our vulnerability analysis, we deliver reports for remediation and visibility of your company's security gaps.<\/p>\t\t\t\t\t\t\t\t<\/div>\n\t\t\t\t<\/div>\n\t\t\t\t<div class=\"elementor-element elementor-element-39d8982 elementor-widget elementor-widget-heading\" data-id=\"39d8982\" data-element_type=\"widget\" data-e-type=\"widget\" data-widget_type=\"heading.default\">\n\t\t\t\t<div class=\"elementor-widget-container\">\n\t\t\t\t\t<h2 class=\"elementor-heading-title elementor-size-default\">Cyber Intelligence<\/h2>\t\t\t\t<\/div>\n\t\t\t\t<\/div>\n\t\t\t\t<section class=\"elementor-section elementor-inner-section elementor-element elementor-element-194d6f1 elementor-section-boxed elementor-section-height-default elementor-section-height-default\" data-id=\"194d6f1\" data-element_type=\"section\" data-e-type=\"section\">\n\t\t\t\t\t\t<div class=\"elementor-container elementor-column-gap-default\">\n\t\t\t\t\t<div class=\"elementor-column elementor-col-50 elementor-inner-column elementor-element elementor-element-bb6adc0\" data-id=\"bb6adc0\" data-element_type=\"column\" data-e-type=\"column\" data-settings=\"{&quot;background_background&quot;:&quot;gradient&quot;}\">\n\t\t\t<div class=\"elementor-widget-wrap elementor-element-populated\">\n\t\t\t\t\t\t<div class=\"elementor-element elementor-element-fa96f2b elementor-widget__width-initial elementor-widget-mobile__width-initial elementor-view-default elementor-position-block-start elementor-mobile-position-block-start elementor-widget elementor-widget-icon-box\" data-id=\"fa96f2b\" data-element_type=\"widget\" data-e-type=\"widget\" data-widget_type=\"icon-box.default\">\n\t\t\t\t<div class=\"elementor-widget-container\">\n\t\t\t\t\t\t\t<div class=\"elementor-icon-box-wrapper\">\n\n\t\t\t\t\t\t<div class=\"elementor-icon-box-icon\">\n\t\t\t\t<span  class=\"elementor-icon\">\n\t\t\t\t<svg xmlns=\"http:\/\/www.w3.org\/2000\/svg\" width=\"32\" height=\"32\" viewbox=\"0 0 32 32\" fill=\"none\"><path d=\"M16 28C22.6274 28 28 22.6274 28 16C28 9.37258 22.6274 4 16 4C9.37258 4 4 9.37258 4 16C4 22.6274 9.37258 28 16 28Z\" stroke=\"#5A1AF0\" stroke-width=\"2\" stroke-linecap=\"round\" stroke-linejoin=\"round\"><\/path><path d=\"M18 23C18 22.4696 18.2107 21.9609 18.5858 21.5858C18.9609 21.2107 19.4696 21 20 21C20.5304 21 21.0391 21.2107 21.4142 21.5858C21.7893 21.9609 22 22.4696 22 23\" stroke=\"#5A1AF0\" stroke-width=\"2\" stroke-linecap=\"round\" stroke-linejoin=\"round\"><\/path><path d=\"M10 23C10 22.4696 10.2107 21.9609 10.5858 21.5858C10.9609 21.2107 11.4696 21 12 21C12.5304 21 13.0391 21.2107 13.4142 21.5858C13.7893 21.9609 14 22.4696 14 23\" stroke=\"#5A1AF0\" stroke-width=\"2\" stroke-linecap=\"round\" stroke-linejoin=\"round\"><\/path><path d=\"M18 27.8331V23C18 22.4696 17.7893 21.9609 17.4142 21.5858C17.0391 21.2107 16.5304 21 16 21C15.4696 21 14.9609 21.2107 14.5858 21.5858C14.2107 21.9609 14 22.4696 14 23V27.8331\" stroke=\"#5A1AF0\" stroke-width=\"2\" stroke-linecap=\"round\" stroke-linejoin=\"round\"><\/path><path d=\"M22 26.3951V22L16 9L10 22V26.3955\" stroke=\"#5A1AF0\" stroke-width=\"2\" stroke-linecap=\"round\" stroke-linejoin=\"round\"><\/path><path d=\"M13.2305 15H18.7689\" stroke=\"#5A1AF0\" stroke-width=\"2\" stroke-linecap=\"round\" stroke-linejoin=\"round\"><\/path><\/svg>\t\t\t\t<\/span>\n\t\t\t<\/div>\n\t\t\t\n\t\t\t\t\t\t<div class=\"elementor-icon-box-content\">\n\n\t\t\t\t\n\t\t\t\t\t\t\t\t\t<p class=\"elementor-icon-box-description\">\n\t\t\t\t\t\tIntelligence\t\t\t\t\t<\/p>\n\t\t\t\t\n\t\t\t<\/div>\n\t\t\t\n\t\t<\/div>\n\t\t\t\t\t\t<\/div>\n\t\t\t\t<\/div>\n\t\t\t\t\t<\/div>\n\t\t<\/div>\n\t\t\t\t<div class=\"elementor-column elementor-col-50 elementor-inner-column elementor-element elementor-element-4548da0\" data-id=\"4548da0\" data-element_type=\"column\" data-e-type=\"column\" data-settings=\"{&quot;background_background&quot;:&quot;gradient&quot;}\">\n\t\t\t<div class=\"elementor-widget-wrap elementor-element-populated\">\n\t\t\t\t\t\t<div class=\"elementor-element elementor-element-06f6397 elementor-widget__width-initial elementor-widget-mobile__width-initial elementor-view-default elementor-position-block-start elementor-mobile-position-block-start elementor-widget elementor-widget-icon-box\" data-id=\"06f6397\" data-element_type=\"widget\" data-e-type=\"widget\" data-widget_type=\"icon-box.default\">\n\t\t\t\t<div class=\"elementor-widget-container\">\n\t\t\t\t\t\t\t<div class=\"elementor-icon-box-wrapper\">\n\n\t\t\t\t\t\t<div class=\"elementor-icon-box-icon\">\n\t\t\t\t<span  class=\"elementor-icon\">\n\t\t\t\t<svg xmlns=\"http:\/\/www.w3.org\/2000\/svg\" width=\"32\" height=\"32\" viewbox=\"0 0 32 32\" fill=\"none\"><path d=\"M5 15H27\" stroke=\"#5A1AF0\" stroke-width=\"2\" stroke-linecap=\"round\" stroke-linejoin=\"round\"><\/path><path d=\"M5 19H27\" stroke=\"#5A1AF0\" stroke-width=\"2\" stroke-linecap=\"round\" stroke-linejoin=\"round\"><\/path><path d=\"M5 23H27\" stroke=\"#5A1AF0\" stroke-width=\"2\" stroke-linecap=\"round\" stroke-linejoin=\"round\"><\/path><path d=\"M26 11H6C5.44772 11 5 11.4477 5 12V26C5 26.5523 5.44772 27 6 27H26C26.5523 27 27 26.5523 27 26V12C27 11.4477 26.5523 11 26 11Z\" stroke=\"#5A1AF0\" stroke-width=\"2\" stroke-linecap=\"round\" stroke-linejoin=\"round\"><\/path><path d=\"M11.5 11V6.5C11.5 5.30653 11.9741 4.16193 12.818 3.31802C13.6619 2.47411 14.8065 2 16 2C17.1935 2 18.3381 2.47411 19.182 3.31802C20.0259 4.16193 20.5 5.30653 20.5 6.5\" stroke=\"#5A1AF0\" stroke-width=\"2\" stroke-linecap=\"round\" stroke-linejoin=\"round\"><\/path><\/svg>\t\t\t\t<\/span>\n\t\t\t<\/div>\n\t\t\t\n\t\t\t\t\t\t<div class=\"elementor-icon-box-content\">\n\n\t\t\t\t\n\t\t\t\t\t\t\t\t\t<p class=\"elementor-icon-box-description\">\n\t\t\t\t\t\tVulnerabilities\t\t\t\t\t<\/p>\n\t\t\t\t\n\t\t\t<\/div>\n\t\t\t\n\t\t<\/div>\n\t\t\t\t\t\t<\/div>\n\t\t\t\t<\/div>\n\t\t\t\t\t<\/div>\n\t\t<\/div>\n\t\t\t\t\t<\/div>\n\t\t<\/section>\n\t\t\t\t\t<\/div>\n\t\t<\/div>\n\t\t\t\t\t<\/div>\n\t\t<\/section>\n\t\t\t\t<section class=\"elementor-section elementor-inner-section elementor-element elementor-element-89fbff1 elementor-section-boxed elementor-section-height-default elementor-section-height-default\" data-id=\"89fbff1\" data-element_type=\"section\" data-e-type=\"section\">\n\t\t\t\t\t\t<div class=\"elementor-container elementor-column-gap-default\">\n\t\t\t\t\t<div class=\"elementor-column elementor-col-100 elementor-inner-column elementor-element elementor-element-fbeea25\" data-id=\"fbeea25\" data-element_type=\"column\" data-e-type=\"column\">\n\t\t\t<div class=\"elementor-widget-wrap elementor-element-populated\">\n\t\t\t\t\t\t<div class=\"elementor-element elementor-element-2e6150b elementor-widget elementor-widget-template\" data-id=\"2e6150b\" data-element_type=\"widget\" data-e-type=\"widget\" data-widget_type=\"template.default\">\n\t\t\t\t<div class=\"elementor-widget-container\">\n\t\t\t\t\t\t\t<div class=\"elementor-template\">\n\t\t\t\t\t<div data-elementor-type=\"section\" data-elementor-id=\"695\" class=\"elementor elementor-695\" data-elementor-post-type=\"elementor_library\">\n\t\t\t\t\t<section class=\"elementor-section elementor-top-section elementor-element elementor-element-dc0375a elementor-section-boxed elementor-section-height-default elementor-section-height-default\" data-id=\"dc0375a\" data-element_type=\"section\" data-e-type=\"section\">\n\t\t\t\t\t\t<div class=\"elementor-container elementor-column-gap-default\">\n\t\t\t\t\t<div class=\"elementor-column elementor-col-50 elementor-top-column elementor-element elementor-element-0a5a18b\" data-id=\"0a5a18b\" data-element_type=\"column\" data-e-type=\"column\">\n\t\t\t<div class=\"elementor-widget-wrap elementor-element-populated\">\n\t\t\t\t\t\t<div class=\"elementor-element elementor-element-a6f2b8e elementor-widget__width-initial elementor-widget elementor-widget-image\" data-id=\"a6f2b8e\" data-element_type=\"widget\" data-e-type=\"widget\" data-widget_type=\"image.default\">\n\t\t\t\t<div class=\"elementor-widget-container\">\n\t\t\t\t\t\t\t\t\t\t\t\t\t\t\t<img decoding=\"async\" width=\"610\" height=\"388\" src=\"https:\/\/sempresafe.com\/wp-content\/uploads\/2022\/02\/portrait-woman-customer-service-worker-1.png\" class=\"attachment-large size-large wp-image-469\" alt=\"Sempre Safe\" srcset=\"https:\/\/sempresafe.com\/wp-content\/uploads\/2022\/02\/portrait-woman-customer-service-worker-1.png.webp 610w, https:\/\/sempresafe.com\/wp-content\/uploads\/2022\/02\/portrait-woman-customer-service-worker-1-300x191.png.webp 300w\" sizes=\"(max-width: 610px) 100vw, 610px\" \/>\t\t\t\t\t\t\t\t\t\t\t\t\t\t\t<\/div>\n\t\t\t\t<\/div>\n\t\t\t\t\t<\/div>\n\t\t<\/div>\n\t\t\t\t<div class=\"elementor-column elementor-col-50 elementor-top-column elementor-element elementor-element-6de93f8\" data-id=\"6de93f8\" data-element_type=\"column\" data-e-type=\"column\" id=\"btn-escpecialista\" data-settings=\"{&quot;background_background&quot;:&quot;classic&quot;}\">\n\t\t\t<div class=\"elementor-widget-wrap elementor-element-populated\">\n\t\t\t\t\t\t<div class=\"elementor-element elementor-element-5c40cf2 elementor-widget__width-initial elementor-widget elementor-widget-heading\" data-id=\"5c40cf2\" data-element_type=\"widget\" data-e-type=\"widget\" data-widget_type=\"heading.default\">\n\t\t\t\t<div class=\"elementor-widget-container\">\n\t\t\t\t\t<h2 class=\"elementor-heading-title elementor-size-default\">Do you have any doubts? We are ready to help you<\/h2>\t\t\t\t<\/div>\n\t\t\t\t<\/div>\n\t\t\t\t<div class=\"elementor-element elementor-element-438ee3f elementor-widget elementor-widget-html\" data-id=\"438ee3f\" data-element_type=\"widget\" data-e-type=\"widget\" data-widget_type=\"html.default\">\n\t\t\t\t<div class=\"elementor-widget-container\">\n\t\t\t\t\t<style>\r\n  #btn-escpecialista .btn-special {\r\nposition: relative;\r\nfont-family: \"Roboto\", Roboto !important;\r\nfont-style: normal;\r\nfont-weight: normal;\r\nfont-size: 12px;\r\nline-height: 140%;\r\ntext-transform: uppercase;\r\ncolor: #ffffff!important;\r\ndisplay: inline-block;\r\ntransition: all 0.3s ease 0s;\r\n-webkit-transition: all 0.3s ease 0s;\r\n}\r\n\r\n#btn-escpecialista .btn-special:hover {\r\ntransition: all .5s ease;\r\ntransform: scale(0.9);\r\n}\r\n\r\n#btn-escpecialista .btn-special span {\r\ndisplay: block;\r\n\r\n}\r\n\r\n#btn-escpecialista .btn-special span b {\r\nbackground: transparent!important;\r\nborder: 1px solid #ffffff;\r\ndisplay: block;\r\npadding: 15px 45px;\r\n}\r\n\r\n#btn-escpecialista .btn-special:before,\r\n#btn-escpecialista .btn-special:after,\r\n#btn-escpecialista .btn-special span:before,\r\n#btn-escpecialista .btn-special span:after {\r\ncontent: '';\r\nbackground: rgba(255, 255, 255, 1);\r\nwidth: 5px;\r\nheight: 5px;\r\nborder: 1px solid #ffffff;\r\nposition: absolute;\r\n-webkit-box-shadow: 0px 0px 16px 11px rgba(255, 255, 255, 0.2);\r\nbox-shadow: 0px 0px 16px 11px rgba(255, 255, 255, 0.2);\r\n\r\n}\r\n\r\n#btn-escpecialista .btn-special:after {\r\nborder-width: 0 0 2px 2px;\r\nbottom: -1px;\r\nleft: -1px;\r\n}\r\n\r\n#btn-escpecialista .btn-special:before {\r\ncontent: '';\r\nborder-width: 0px 2px 2px 0;\r\nbottom: -1px;\r\nright: -1px;\r\n}\r\n\r\n#btn-escpecialista .btn-special span:after {\r\nborder-width: 2px 0 0 2px;\r\ntop: -1px;\r\nleft: -1px;\r\n\r\n}\r\n\r\n#btn-escpecialista .btn-special span:before {\r\ncontent: '';\r\nborder-width: 2px 2px 0 0;\r\ntop: -1px;\r\nright: -1px;\r\n}\r\n<\/style>\r\n<a href=\"\/en\/contato\/#contato\" class=\"btn-special\"><span><b>TALK TO ONE OF OUR SPECIALISTS<\/b><\/span><\/a>\t\t\t\t<\/div>\n\t\t\t\t<\/div>\n\t\t\t\t<div class=\"elementor-element elementor-element-8245248 elementor-view-stacked elementor-absolute elementor-shape-circle elementor-widget elementor-widget-icon\" data-id=\"8245248\" data-element_type=\"widget\" data-e-type=\"widget\" data-settings=\"{&quot;_position&quot;:&quot;absolute&quot;}\" data-widget_type=\"icon.default\">\n\t\t\t\t<div class=\"elementor-widget-container\">\n\t\t\t\t\t\t\t<div class=\"elementor-icon-wrapper\">\n\t\t\t<div class=\"elementor-icon\">\n\t\t\t<svg xmlns=\"http:\/\/www.w3.org\/2000\/svg\" width=\"39\" height=\"22\" viewbox=\"0 0 39 22\" fill=\"none\"><path d=\"M27.0403 0.90918C29.6821 7.02295 32.1419 8.66094 36.993 10.8619C31.5598 13.4164 29.5112 15.7099 27.0403 20.8145\" stroke=\"#5A1AF0\"><\/path><path d=\"M35.8873 10.8619H0.5\" stroke=\"#5A1AF0\"><\/path><\/svg>\t\t\t<\/div>\n\t\t<\/div>\n\t\t\t\t\t\t<\/div>\n\t\t\t\t<\/div>\n\t\t\t\t\t<\/div>\n\t\t<\/div>\n\t\t\t\t\t<\/div>\n\t\t<\/section>\n\t\t\t\t<\/div>\n\t\t\t\t<\/div>\n\t\t\t\t\t\t<\/div>\n\t\t\t\t<\/div>\n\t\t\t\t\t<\/div>\n\t\t<\/div>\n\t\t\t\t\t<\/div>\n\t\t<\/section>\n\t\t\t\t\t<\/div>\n\t\t<\/div>\n\t\t\t\t\t<\/div>\n\t\t<\/section>\n\t\t\t\t<\/div>","protected":false},"excerpt":{"rendered":"<p>An\u00e1lise de vulnerabilidade \/ Pen test An\u00e1lise de vulnerabilidade \/ Pen test, proteja sua empresa das vulnerabilidades do seu ambiente de TI, com nossa an\u00e1lise de vulnerabilidades, entregamos relat\u00f3rios para corre\u00e7\u00e3o e visibilidade das brechas de seguran\u00e7a da sua empresa. Cyber Intelig\u00eancia Intelig\u00eancia Vulnerabilidades<\/p>","protected":false},"author":19,"featured_media":0,"parent":0,"menu_order":0,"comment_status":"closed","ping_status":"closed","template":"elementor_header_footer","meta":{"_acf_changed":false,"footnotes":""},"class_list":["post-719","page","type-page","status-publish","hentry"],"acf":[],"_links":{"self":[{"href":"https:\/\/sempresafe.com\/en\/wp-json\/wp\/v2\/pages\/719","targetHints":{"allow":["GET"]}}],"collection":[{"href":"https:\/\/sempresafe.com\/en\/wp-json\/wp\/v2\/pages"}],"about":[{"href":"https:\/\/sempresafe.com\/en\/wp-json\/wp\/v2\/types\/page"}],"author":[{"embeddable":true,"href":"https:\/\/sempresafe.com\/en\/wp-json\/wp\/v2\/users\/19"}],"replies":[{"embeddable":true,"href":"https:\/\/sempresafe.com\/en\/wp-json\/wp\/v2\/comments?post=719"}],"version-history":[{"count":19,"href":"https:\/\/sempresafe.com\/en\/wp-json\/wp\/v2\/pages\/719\/revisions"}],"predecessor-version":[{"id":3784,"href":"https:\/\/sempresafe.com\/en\/wp-json\/wp\/v2\/pages\/719\/revisions\/3784"}],"wp:attachment":[{"href":"https:\/\/sempresafe.com\/en\/wp-json\/wp\/v2\/media?parent=719"}],"curies":[{"name":"wp","href":"https:\/\/api.w.org\/{rel}","templated":true}]}}