{"id":689,"date":"2022-02-21T23:51:14","date_gmt":"2022-02-22T02:51:14","guid":{"rendered":"https:\/\/sempresafe.com\/?page_id=689"},"modified":"2026-03-09T15:38:20","modified_gmt":"2026-03-09T18:38:20","slug":"cloud-security","status":"publish","type":"page","link":"https:\/\/sempresafe.com\/en\/cloud-security\/","title":{"rendered":"Cloud Security"},"content":{"rendered":"<div data-elementor-type=\"wp-page\" data-elementor-id=\"689\" class=\"elementor elementor-689\" data-elementor-post-type=\"page\">\n\t\t\t\t\t\t<section class=\"elementor-section elementor-top-section elementor-element elementor-element-ddc0fb0 elementor-section-boxed elementor-section-height-default elementor-section-height-default\" data-id=\"ddc0fb0\" data-element_type=\"section\" data-e-type=\"section\" data-settings=\"{&quot;background_background&quot;:&quot;classic&quot;}\">\n\t\t\t\t\t\t\t<div class=\"elementor-background-overlay\"><\/div>\n\t\t\t\t\t\t\t<div class=\"elementor-container elementor-column-gap-default\">\n\t\t\t\t\t<div class=\"elementor-column elementor-col-100 elementor-top-column elementor-element elementor-element-0f8761e\" data-id=\"0f8761e\" data-element_type=\"column\" data-e-type=\"column\">\n\t\t\t<div class=\"elementor-widget-wrap elementor-element-populated\">\n\t\t\t\t\t\t<section class=\"elementor-section elementor-inner-section elementor-element elementor-element-4e1dbc3 elementor-section-boxed elementor-section-height-default elementor-section-height-default\" data-id=\"4e1dbc3\" data-element_type=\"section\" data-e-type=\"section\">\n\t\t\t\t\t\t<div class=\"elementor-container elementor-column-gap-default\">\n\t\t\t\t\t<div class=\"elementor-column elementor-col-50 elementor-inner-column elementor-element elementor-element-cd054f8\" data-id=\"cd054f8\" data-element_type=\"column\" data-e-type=\"column\">\n\t\t\t<div class=\"elementor-widget-wrap elementor-element-populated\">\n\t\t\t\t\t\t<div class=\"elementor-element elementor-element-bddd2be elementor-widget elementor-widget-heading\" data-id=\"bddd2be\" data-element_type=\"widget\" data-e-type=\"widget\" data-widget_type=\"heading.default\">\n\t\t\t\t<div class=\"elementor-widget-container\">\n\t\t\t\t\t<h1 class=\"elementor-heading-title elementor-size-default\">Cloud security \/ On premise<\/h1>\t\t\t\t<\/div>\n\t\t\t\t<\/div>\n\t\t\t\t<div class=\"elementor-element elementor-element-059a82e elementor-widget elementor-widget-image\" data-id=\"059a82e\" data-element_type=\"widget\" data-e-type=\"widget\" data-widget_type=\"image.default\">\n\t\t\t\t<div class=\"elementor-widget-container\">\n\t\t\t\t\t\t\t\t\t\t\t\t\t\t\t<img fetchpriority=\"high\" decoding=\"async\" width=\"577\" height=\"395\" src=\"https:\/\/sempresafe.com\/wp-content\/uploads\/2022\/02\/Rectangle-2241-1.png\" class=\"attachment-large size-large wp-image-691\" alt=\"Sempre Safe\" srcset=\"https:\/\/sempresafe.com\/wp-content\/uploads\/2022\/02\/Rectangle-2241-1.png 577w, https:\/\/sempresafe.com\/wp-content\/uploads\/2022\/02\/Rectangle-2241-1-300x205.png 300w\" sizes=\"(max-width: 577px) 100vw, 577px\" \/>\t\t\t\t\t\t\t\t\t\t\t\t\t\t\t<\/div>\n\t\t\t\t<\/div>\n\t\t\t\t\t<\/div>\n\t\t<\/div>\n\t\t\t\t<div class=\"elementor-column elementor-col-50 elementor-inner-column elementor-element elementor-element-6d750dc\" data-id=\"6d750dc\" data-element_type=\"column\" data-e-type=\"column\">\n\t\t\t<div class=\"elementor-widget-wrap elementor-element-populated\">\n\t\t\t\t\t\t<div class=\"elementor-element elementor-element-04d6efc elementor-hidden-desktop elementor-hidden-tablet elementor-hidden-mobile elementor-widget elementor-widget-heading\" data-id=\"04d6efc\" data-element_type=\"widget\" data-e-type=\"widget\" data-widget_type=\"heading.default\">\n\t\t\t\t<div class=\"elementor-widget-container\">\n\t\t\t\t\t<h2 class=\"elementor-heading-title elementor-size-default\">Always Safe, always Safe<\/h2>\t\t\t\t<\/div>\n\t\t\t\t<\/div>\n\t\t\t\t<div class=\"elementor-element elementor-element-078426d elementor-widget__width-initial elementor-widget elementor-widget-text-editor\" data-id=\"078426d\" data-element_type=\"widget\" data-e-type=\"widget\" data-widget_type=\"text-editor.default\">\n\t\t\t\t<div class=\"elementor-widget-container\">\n\t\t\t\t\t\t\t\t\t<p>Cloud security \/ On-premise: Make your public or private cloud secure. We offer protection for cloud and multi-cloud environments.<\/p>\t\t\t\t\t\t\t\t<\/div>\n\t\t\t\t<\/div>\n\t\t\t\t<div class=\"elementor-element elementor-element-a21c874 elementor-widget__width-initial elementor-widget elementor-widget-text-editor\" data-id=\"a21c874\" data-element_type=\"widget\" data-e-type=\"widget\" data-widget_type=\"text-editor.default\">\n\t\t\t\t<div class=\"elementor-widget-container\">\n\t\t\t\t\t\t\t\t\t<p>Set of policies, technologies, applications and controls used to protect virtualized IP, data, applications, services, and the associated cloud computing infrastructure.<\/p>\t\t\t\t\t\t\t\t<\/div>\n\t\t\t\t<\/div>\n\t\t\t\t\t<\/div>\n\t\t<\/div>\n\t\t\t\t\t<\/div>\n\t\t<\/section>\n\t\t\t\t<section class=\"elementor-section elementor-inner-section elementor-element elementor-element-dfd5b75 elementor-section-boxed elementor-section-height-default elementor-section-height-default\" data-id=\"dfd5b75\" data-element_type=\"section\" data-e-type=\"section\">\n\t\t\t\t\t\t<div class=\"elementor-container elementor-column-gap-default\">\n\t\t\t\t\t<div class=\"elementor-column elementor-col-100 elementor-inner-column elementor-element elementor-element-75c6fcf\" data-id=\"75c6fcf\" data-element_type=\"column\" data-e-type=\"column\">\n\t\t\t<div class=\"elementor-widget-wrap elementor-element-populated\">\n\t\t\t\t\t\t<div class=\"elementor-element elementor-element-ee9bc28 elementor-widget elementor-widget-template\" data-id=\"ee9bc28\" data-element_type=\"widget\" data-e-type=\"widget\" data-widget_type=\"template.default\">\n\t\t\t\t<div class=\"elementor-widget-container\">\n\t\t\t\t\t\t\t<div class=\"elementor-template\">\n\t\t\t\t\t<div data-elementor-type=\"section\" data-elementor-id=\"695\" class=\"elementor elementor-695\" data-elementor-post-type=\"elementor_library\">\n\t\t\t\t\t<section class=\"elementor-section elementor-top-section elementor-element elementor-element-dc0375a elementor-section-boxed elementor-section-height-default elementor-section-height-default\" data-id=\"dc0375a\" data-element_type=\"section\" data-e-type=\"section\">\n\t\t\t\t\t\t<div class=\"elementor-container elementor-column-gap-default\">\n\t\t\t\t\t<div class=\"elementor-column elementor-col-50 elementor-top-column elementor-element elementor-element-0a5a18b\" data-id=\"0a5a18b\" data-element_type=\"column\" data-e-type=\"column\">\n\t\t\t<div class=\"elementor-widget-wrap elementor-element-populated\">\n\t\t\t\t\t\t<div class=\"elementor-element elementor-element-a6f2b8e elementor-widget__width-initial elementor-widget elementor-widget-image\" data-id=\"a6f2b8e\" data-element_type=\"widget\" data-e-type=\"widget\" data-widget_type=\"image.default\">\n\t\t\t\t<div class=\"elementor-widget-container\">\n\t\t\t\t\t\t\t\t\t\t\t\t\t\t\t<img decoding=\"async\" width=\"610\" height=\"388\" src=\"https:\/\/sempresafe.com\/wp-content\/uploads\/2022\/02\/portrait-woman-customer-service-worker-1.png\" class=\"attachment-large size-large wp-image-469\" alt=\"Sempre Safe\" srcset=\"https:\/\/sempresafe.com\/wp-content\/uploads\/2022\/02\/portrait-woman-customer-service-worker-1.png 610w, https:\/\/sempresafe.com\/wp-content\/uploads\/2022\/02\/portrait-woman-customer-service-worker-1-300x191.png 300w\" sizes=\"(max-width: 610px) 100vw, 610px\" \/>\t\t\t\t\t\t\t\t\t\t\t\t\t\t\t<\/div>\n\t\t\t\t<\/div>\n\t\t\t\t\t<\/div>\n\t\t<\/div>\n\t\t\t\t<div class=\"elementor-column elementor-col-50 elementor-top-column elementor-element elementor-element-6de93f8\" data-id=\"6de93f8\" data-element_type=\"column\" data-e-type=\"column\" id=\"btn-escpecialista\" data-settings=\"{&quot;background_background&quot;:&quot;classic&quot;}\">\n\t\t\t<div class=\"elementor-widget-wrap elementor-element-populated\">\n\t\t\t\t\t\t<div class=\"elementor-element elementor-element-5c40cf2 elementor-widget__width-initial elementor-widget elementor-widget-heading\" data-id=\"5c40cf2\" data-element_type=\"widget\" data-e-type=\"widget\" data-widget_type=\"heading.default\">\n\t\t\t\t<div class=\"elementor-widget-container\">\n\t\t\t\t\t<h2 class=\"elementor-heading-title elementor-size-default\">Do you have any doubts? We are ready to help you<\/h2>\t\t\t\t<\/div>\n\t\t\t\t<\/div>\n\t\t\t\t<div class=\"elementor-element elementor-element-438ee3f elementor-widget elementor-widget-html\" data-id=\"438ee3f\" data-element_type=\"widget\" data-e-type=\"widget\" data-widget_type=\"html.default\">\n\t\t\t\t<div class=\"elementor-widget-container\">\n\t\t\t\t\t<style>\r\n  #btn-escpecialista .btn-special {\r\nposition: relative;\r\nfont-family: \"Roboto\", Roboto !important;\r\nfont-style: normal;\r\nfont-weight: normal;\r\nfont-size: 12px;\r\nline-height: 140%;\r\ntext-transform: uppercase;\r\ncolor: #ffffff!important;\r\ndisplay: inline-block;\r\ntransition: all 0.3s ease 0s;\r\n-webkit-transition: all 0.3s ease 0s;\r\n}\r\n\r\n#btn-escpecialista .btn-special:hover {\r\ntransition: all .5s ease;\r\ntransform: scale(0.9);\r\n}\r\n\r\n#btn-escpecialista .btn-special span {\r\ndisplay: block;\r\n\r\n}\r\n\r\n#btn-escpecialista .btn-special span b {\r\nbackground: transparent!important;\r\nborder: 1px solid #ffffff;\r\ndisplay: block;\r\npadding: 15px 45px;\r\n}\r\n\r\n#btn-escpecialista .btn-special:before,\r\n#btn-escpecialista .btn-special:after,\r\n#btn-escpecialista .btn-special span:before,\r\n#btn-escpecialista .btn-special span:after {\r\ncontent: '';\r\nbackground: rgba(255, 255, 255, 1);\r\nwidth: 5px;\r\nheight: 5px;\r\nborder: 1px solid #ffffff;\r\nposition: absolute;\r\n-webkit-box-shadow: 0px 0px 16px 11px rgba(255, 255, 255, 0.2);\r\nbox-shadow: 0px 0px 16px 11px rgba(255, 255, 255, 0.2);\r\n\r\n}\r\n\r\n#btn-escpecialista .btn-special:after {\r\nborder-width: 0 0 2px 2px;\r\nbottom: -1px;\r\nleft: -1px;\r\n}\r\n\r\n#btn-escpecialista .btn-special:before {\r\ncontent: '';\r\nborder-width: 0px 2px 2px 0;\r\nbottom: -1px;\r\nright: -1px;\r\n}\r\n\r\n#btn-escpecialista .btn-special span:after {\r\nborder-width: 2px 0 0 2px;\r\ntop: -1px;\r\nleft: -1px;\r\n\r\n}\r\n\r\n#btn-escpecialista .btn-special span:before {\r\ncontent: '';\r\nborder-width: 2px 2px 0 0;\r\ntop: -1px;\r\nright: -1px;\r\n}\r\n<\/style>\r\n<a href=\"\/en\/contato\/#contato\" class=\"btn-special\"><span><b>TALK TO ONE OF OUR SPECIALISTS<\/b><\/span><\/a>\t\t\t\t<\/div>\n\t\t\t\t<\/div>\n\t\t\t\t<div class=\"elementor-element elementor-element-8245248 elementor-view-stacked elementor-absolute elementor-shape-circle elementor-widget elementor-widget-icon\" data-id=\"8245248\" data-element_type=\"widget\" data-e-type=\"widget\" data-settings=\"{&quot;_position&quot;:&quot;absolute&quot;}\" data-widget_type=\"icon.default\">\n\t\t\t\t<div class=\"elementor-widget-container\">\n\t\t\t\t\t\t\t<div class=\"elementor-icon-wrapper\">\n\t\t\t<div class=\"elementor-icon\">\n\t\t\t<svg xmlns=\"http:\/\/www.w3.org\/2000\/svg\" width=\"39\" height=\"22\" viewbox=\"0 0 39 22\" fill=\"none\"><path d=\"M27.0403 0.90918C29.6821 7.02295 32.1419 8.66094 36.993 10.8619C31.5598 13.4164 29.5112 15.7099 27.0403 20.8145\" stroke=\"#5A1AF0\"><\/path><path d=\"M35.8873 10.8619H0.5\" stroke=\"#5A1AF0\"><\/path><\/svg>\t\t\t<\/div>\n\t\t<\/div>\n\t\t\t\t\t\t<\/div>\n\t\t\t\t<\/div>\n\t\t\t\t\t<\/div>\n\t\t<\/div>\n\t\t\t\t\t<\/div>\n\t\t<\/section>\n\t\t\t\t<\/div>\n\t\t\t\t<\/div>\n\t\t\t\t\t\t<\/div>\n\t\t\t\t<\/div>\n\t\t\t\t\t<\/div>\n\t\t<\/div>\n\t\t\t\t\t<\/div>\n\t\t<\/section>\n\t\t\t\t\t<\/div>\n\t\t<\/div>\n\t\t\t\t\t<\/div>\n\t\t<\/section>\n\t\t\t\t<\/div>","protected":false},"excerpt":{"rendered":"<p>Cloud security \/ On premise Lorem ipsum dolor sit amet, consectetur adipiscing elit. Cloud security \/ On premise, torne sua Cloud p\u00fablica ou privada segura. Oferecemos prote\u00e7\u00e3o para Cloud e Multicloud. Conjunto de pol\u00edticas, tecnologias, aplicativos e controles utilizados para proteger IP virtualizado, dados, aplicativos, servi\u00e7os e a infraestrutura associada de computa\u00e7\u00e3o em nuvem<\/p>","protected":false},"author":19,"featured_media":0,"parent":0,"menu_order":0,"comment_status":"closed","ping_status":"closed","template":"elementor_header_footer","meta":{"_acf_changed":false,"footnotes":""},"class_list":["post-689","page","type-page","status-publish","hentry"],"acf":[],"_links":{"self":[{"href":"https:\/\/sempresafe.com\/en\/wp-json\/wp\/v2\/pages\/689","targetHints":{"allow":["GET"]}}],"collection":[{"href":"https:\/\/sempresafe.com\/en\/wp-json\/wp\/v2\/pages"}],"about":[{"href":"https:\/\/sempresafe.com\/en\/wp-json\/wp\/v2\/types\/page"}],"author":[{"embeddable":true,"href":"https:\/\/sempresafe.com\/en\/wp-json\/wp\/v2\/users\/19"}],"replies":[{"embeddable":true,"href":"https:\/\/sempresafe.com\/en\/wp-json\/wp\/v2\/comments?post=689"}],"version-history":[{"count":13,"href":"https:\/\/sempresafe.com\/en\/wp-json\/wp\/v2\/pages\/689\/revisions"}],"predecessor-version":[{"id":3787,"href":"https:\/\/sempresafe.com\/en\/wp-json\/wp\/v2\/pages\/689\/revisions\/3787"}],"wp:attachment":[{"href":"https:\/\/sempresafe.com\/en\/wp-json\/wp\/v2\/media?parent=689"}],"curies":[{"name":"wp","href":"https:\/\/api.w.org\/{rel}","templated":true}]}}