{"id":230,"date":"2022-02-19T17:03:00","date_gmt":"2022-02-19T20:03:00","guid":{"rendered":"https:\/\/sempresafe.com\/?page_id=230"},"modified":"2022-03-15T13:20:21","modified_gmt":"2022-03-15T16:20:21","slug":"blog","status":"publish","type":"page","link":"https:\/\/sempresafe.com\/en\/blog\/","title":{"rendered":"Blog"},"content":{"rendered":"<div data-elementor-type=\"wp-page\" data-elementor-id=\"230\" class=\"elementor elementor-230\" data-elementor-post-type=\"page\">\n\t\t\t\t\t\t<section class=\"elementor-section elementor-top-section elementor-element elementor-element-039c285 blog elementor-section-boxed elementor-section-height-default elementor-section-height-default\" data-id=\"039c285\" data-element_type=\"section\" data-e-type=\"section\">\n\t\t\t\t\t\t<div class=\"elementor-container elementor-column-gap-default\">\n\t\t\t\t\t<div class=\"elementor-column elementor-col-100 elementor-top-column elementor-element elementor-element-5d889b4\" data-id=\"5d889b4\" data-element_type=\"column\" data-e-type=\"column\">\n\t\t\t<div class=\"elementor-widget-wrap elementor-element-populated\">\n\t\t\t\t\t\t<div class=\"elementor-element elementor-element-e6130e7 elementor-widget elementor-widget-heading\" data-id=\"e6130e7\" data-element_type=\"widget\" data-e-type=\"widget\" data-widget_type=\"heading.default\">\n\t\t\t\t<div class=\"elementor-widget-container\">\n\t\t\t\t\t<h1 class=\"elementor-heading-title elementor-size-default\">Cybersecurity articles<\/h1>\t\t\t\t<\/div>\n\t\t\t\t<\/div>\n\t\t\t\t<div class=\"elementor-element elementor-element-91096b9 elementor-widget elementor-widget-heading\" data-id=\"91096b9\" data-element_type=\"widget\" data-e-type=\"widget\" data-widget_type=\"heading.default\">\n\t\t\t\t<div class=\"elementor-widget-container\">\n\t\t\t\t\t<h2 class=\"elementor-heading-title elementor-size-default\">Top of the news<\/h2>\t\t\t\t<\/div>\n\t\t\t\t<\/div>\n\t\t\t\t<div class=\"elementor-element elementor-element-f9a3566 elementor-grid-3 elementor-grid-tablet-2 elementor-grid-mobile-1 elementor-posts--thumbnail-top elementor-card-shadow-yes elementor-posts__hover-gradient elementor-widget elementor-widget-posts\" data-id=\"f9a3566\" data-element_type=\"widget\" data-e-type=\"widget\" data-settings=\"{&quot;pagination_type&quot;:&quot;numbers&quot;,&quot;cards_columns&quot;:&quot;3&quot;,&quot;cards_columns_tablet&quot;:&quot;2&quot;,&quot;cards_columns_mobile&quot;:&quot;1&quot;,&quot;cards_row_gap&quot;:{&quot;unit&quot;:&quot;px&quot;,&quot;size&quot;:35,&quot;sizes&quot;:[]},&quot;cards_row_gap_tablet&quot;:{&quot;unit&quot;:&quot;px&quot;,&quot;size&quot;:&quot;&quot;,&quot;sizes&quot;:[]},&quot;cards_row_gap_mobile&quot;:{&quot;unit&quot;:&quot;px&quot;,&quot;size&quot;:&quot;&quot;,&quot;sizes&quot;:[]}}\" data-widget_type=\"posts.cards\">\n\t\t\t\t<div class=\"elementor-widget-container\">\n\t\t\t\t\t\t\t<div class=\"elementor-posts-container elementor-posts elementor-posts--skin-cards elementor-grid\" role=\"list\">\n\t\t\t\t<article class=\"elementor-post elementor-grid-item post-3042 post type-post status-publish format-standard has-post-thumbnail hentry category-uncategorized tag-ddos\" role=\"listitem\">\n\t\t\t<div class=\"elementor-post__card\">\n\t\t\t\t<a class=\"elementor-post__thumbnail__link\" href=\"https:\/\/sempresafe.com\/en\/voce-sabe-o-que-sao-ataques-ddos-e-como-proteger-seu-ambiente\/\" tabindex=\"-1\" ><div class=\"elementor-post__thumbnail\"><img fetchpriority=\"high\" decoding=\"async\" width=\"1920\" height=\"785\" src=\"https:\/\/sempresafe.com\/wp-content\/uploads\/2022\/04\/DDOS.jpg\" class=\"attachment-full size-full wp-image-3047\" alt=\"DDOS\" srcset=\"https:\/\/sempresafe.com\/wp-content\/uploads\/2022\/04\/DDOS.jpg 1920w, https:\/\/sempresafe.com\/wp-content\/uploads\/2022\/04\/DDOS-300x123.jpg 300w, https:\/\/sempresafe.com\/wp-content\/uploads\/2022\/04\/DDOS-1024x419.jpg 1024w, https:\/\/sempresafe.com\/wp-content\/uploads\/2022\/04\/DDOS-768x314.jpg 768w, https:\/\/sempresafe.com\/wp-content\/uploads\/2022\/04\/DDOS-1536x628.jpg 1536w, https:\/\/sempresafe.com\/wp-content\/uploads\/2022\/04\/DDOS-18x7.jpg 18w\" sizes=\"(max-width: 1920px) 100vw, 1920px\" \/><\/div><\/a>\n\t\t\t\t<div class=\"elementor-post__text\">\n\t\t\t\t<h2 class=\"elementor-post__title\">\n\t\t\t<a href=\"https:\/\/sempresafe.com\/en\/voce-sabe-o-que-sao-ataques-ddos-e-como-proteger-seu-ambiente\/\" >\n\t\t\t\tVoc\u00ea sabe o que s\u00e3o ataques DDoS e como proteger seu ambiente?\t\t\t<\/a>\n\t\t<\/h2>\n\t\t\t\t<div class=\"elementor-post__excerpt\">\n\t\t\t<p>O que \u00e9 Ataque DDoS?<\/p>\n\t\t<\/div>\n\t\t\n\t\t<a class=\"elementor-post__read-more\" href=\"https:\/\/sempresafe.com\/en\/voce-sabe-o-que-sao-ataques-ddos-e-como-proteger-seu-ambiente\/\" aria-label=\"Read more about Voc\u00ea sabe o que s\u00e3o ataques DDoS e como proteger seu ambiente?\" tabindex=\"-1\" >\n\t\t\tRead more\t\t<\/a>\n\n\t\t\t\t<\/div>\n\t\t\t\t\t<\/div>\n\t\t<\/article>\n\t\t\t\t<article class=\"elementor-post elementor-grid-item post-575 post type-post status-publish format-standard has-post-thumbnail hentry category-uncategorized\" role=\"listitem\">\n\t\t\t<div class=\"elementor-post__card\">\n\t\t\t\t<a class=\"elementor-post__thumbnail__link\" href=\"https:\/\/sempresafe.com\/en\/dicas-para-implementar-a-ciberseguranca-na-sua-empresa\/\" tabindex=\"-1\" ><div class=\"elementor-post__thumbnail\"><img decoding=\"async\" width=\"1920\" height=\"784\" src=\"https:\/\/sempresafe.com\/wp-content\/uploads\/2022\/02\/dicas-para-implementar-ciberseguranca-scaled.jpg\" class=\"attachment-full size-full wp-image-2417\" alt=\"Artigos de ciberseguran\u00e7a\" srcset=\"https:\/\/sempresafe.com\/wp-content\/uploads\/2022\/02\/dicas-para-implementar-ciberseguranca-scaled.jpg 1920w, https:\/\/sempresafe.com\/wp-content\/uploads\/2022\/02\/dicas-para-implementar-ciberseguranca-300x123.jpg 300w, https:\/\/sempresafe.com\/wp-content\/uploads\/2022\/02\/dicas-para-implementar-ciberseguranca-1024x418.jpg 1024w, https:\/\/sempresafe.com\/wp-content\/uploads\/2022\/02\/dicas-para-implementar-ciberseguranca-768x314.jpg 768w, https:\/\/sempresafe.com\/wp-content\/uploads\/2022\/02\/dicas-para-implementar-ciberseguranca-1536x627.jpg 1536w, https:\/\/sempresafe.com\/wp-content\/uploads\/2022\/02\/dicas-para-implementar-ciberseguranca-2048x836.jpg 2048w, https:\/\/sempresafe.com\/wp-content\/uploads\/2022\/02\/dicas-para-implementar-ciberseguranca-18x7.jpg 18w\" sizes=\"(max-width: 1920px) 100vw, 1920px\" \/><\/div><\/a>\n\t\t\t\t<div class=\"elementor-post__text\">\n\t\t\t\t<h2 class=\"elementor-post__title\">\n\t\t\t<a href=\"https:\/\/sempresafe.com\/en\/dicas-para-implementar-a-ciberseguranca-na-sua-empresa\/\" >\n\t\t\t\tDicas para implementar a ciberseguran\u00e7a na sua empresa\t\t\t<\/a>\n\t\t<\/h2>\n\t\t\t\t<div class=\"elementor-post__excerpt\">\n\t\t\t<p>Voc\u00ea sabe como implementar a ciberseguran\u00e7a na sua empresa? Entender o que deve ser feito para manter a prote\u00e7\u00e3o do neg\u00f3cio \u00e9 essencial para que o empreendimento seja mantido em pleno funcionamento e n\u00e3o seja prejudicado por ataques cibern\u00e9ticos.<\/p>\n\t\t<\/div>\n\t\t\n\t\t<a class=\"elementor-post__read-more\" href=\"https:\/\/sempresafe.com\/en\/dicas-para-implementar-a-ciberseguranca-na-sua-empresa\/\" aria-label=\"Read more about Dicas para implementar a ciberseguran\u00e7a na sua empresa\" tabindex=\"-1\" >\n\t\t\tRead more\t\t<\/a>\n\n\t\t\t\t<\/div>\n\t\t\t\t\t<\/div>\n\t\t<\/article>\n\t\t\t\t<article class=\"elementor-post elementor-grid-item post-576 post type-post status-publish format-standard has-post-thumbnail hentry category-uncategorized\" role=\"listitem\">\n\t\t\t<div class=\"elementor-post__card\">\n\t\t\t\t<a class=\"elementor-post__thumbnail__link\" href=\"https:\/\/sempresafe.com\/en\/a-importancia-da-infraestrutura-para-a-seguranca-da-informacao\/\" tabindex=\"-1\" ><div class=\"elementor-post__thumbnail\"><img decoding=\"async\" width=\"1920\" height=\"785\" src=\"https:\/\/sempresafe.com\/wp-content\/uploads\/2022\/02\/a-importancia-da-infra-scaled.jpg\" class=\"attachment-full size-full wp-image-2413\" alt=\"Artigos de ciberseguran\u00e7a\" srcset=\"https:\/\/sempresafe.com\/wp-content\/uploads\/2022\/02\/a-importancia-da-infra-scaled.jpg 1920w, https:\/\/sempresafe.com\/wp-content\/uploads\/2022\/02\/a-importancia-da-infra-300x123.jpg 300w, https:\/\/sempresafe.com\/wp-content\/uploads\/2022\/02\/a-importancia-da-infra-1024x418.jpg 1024w, https:\/\/sempresafe.com\/wp-content\/uploads\/2022\/02\/a-importancia-da-infra-768x314.jpg 768w, https:\/\/sempresafe.com\/wp-content\/uploads\/2022\/02\/a-importancia-da-infra-1536x627.jpg 1536w, https:\/\/sempresafe.com\/wp-content\/uploads\/2022\/02\/a-importancia-da-infra-2048x837.jpg 2048w, https:\/\/sempresafe.com\/wp-content\/uploads\/2022\/02\/a-importancia-da-infra-18x7.jpg 18w\" sizes=\"(max-width: 1920px) 100vw, 1920px\" \/><\/div><\/a>\n\t\t\t\t<div class=\"elementor-post__text\">\n\t\t\t\t<h2 class=\"elementor-post__title\">\n\t\t\t<a href=\"https:\/\/sempresafe.com\/en\/a-importancia-da-infraestrutura-para-a-seguranca-da-informacao\/\" >\n\t\t\t\tA import\u00e2ncia da infraestrutura para a seguran\u00e7a da informa\u00e7\u00e3o\t\t\t<\/a>\n\t\t<\/h2>\n\t\t\t\t<div class=\"elementor-post__excerpt\">\n\t\t\t<p>Uma empresa que n\u00e3o investe em seguran\u00e7a da informa\u00e7\u00e3o nos dias de hoje corre s\u00e9rios riscos de n\u00e3o se manter firme nos neg\u00f3cios. Essa \u00e9 uma afirmativa carregada de verdade, pois\u00a0a seguran\u00e7a da informa\u00e7\u00e3o tornou-se essencial para garantir o bom desempenho das empresas\u00a0nos diversos segmentos do mercado.<\/p>\n\t\t<\/div>\n\t\t\n\t\t<a class=\"elementor-post__read-more\" href=\"https:\/\/sempresafe.com\/en\/a-importancia-da-infraestrutura-para-a-seguranca-da-informacao\/\" aria-label=\"Read more about A import\u00e2ncia da infraestrutura para a seguran\u00e7a da informa\u00e7\u00e3o\" tabindex=\"-1\" >\n\t\t\tRead more\t\t<\/a>\n\n\t\t\t\t<\/div>\n\t\t\t\t\t<\/div>\n\t\t<\/article>\n\t\t\t\t<article class=\"elementor-post elementor-grid-item post-570 post type-post status-publish format-standard has-post-thumbnail hentry category-uncategorized\" role=\"listitem\">\n\t\t\t<div class=\"elementor-post__card\">\n\t\t\t\t<a class=\"elementor-post__thumbnail__link\" href=\"https:\/\/sempresafe.com\/en\/ransomware-saiba-como-proteger-a-sua-empresa-do-ataque\/\" tabindex=\"-1\" ><div class=\"elementor-post__thumbnail\"><img loading=\"lazy\" decoding=\"async\" width=\"1920\" height=\"785\" src=\"https:\/\/sempresafe.com\/wp-content\/uploads\/2022\/02\/ransomware-scaled.jpg\" class=\"attachment-full size-full wp-image-2415\" alt=\"Artigos de ciberseguran\u00e7a\" srcset=\"https:\/\/sempresafe.com\/wp-content\/uploads\/2022\/02\/ransomware-scaled.jpg 1920w, https:\/\/sempresafe.com\/wp-content\/uploads\/2022\/02\/ransomware-300x123.jpg 300w, https:\/\/sempresafe.com\/wp-content\/uploads\/2022\/02\/ransomware-1024x418.jpg 1024w, https:\/\/sempresafe.com\/wp-content\/uploads\/2022\/02\/ransomware-768x314.jpg 768w, https:\/\/sempresafe.com\/wp-content\/uploads\/2022\/02\/ransomware-1536x628.jpg 1536w, https:\/\/sempresafe.com\/wp-content\/uploads\/2022\/02\/ransomware-2048x837.jpg 2048w, https:\/\/sempresafe.com\/wp-content\/uploads\/2022\/02\/ransomware-18x7.jpg 18w\" sizes=\"(max-width: 1920px) 100vw, 1920px\" \/><\/div><\/a>\n\t\t\t\t<div class=\"elementor-post__text\">\n\t\t\t\t<h2 class=\"elementor-post__title\">\n\t\t\t<a href=\"https:\/\/sempresafe.com\/en\/ransomware-saiba-como-proteger-a-sua-empresa-do-ataque\/\" >\n\t\t\t\tRansomware: Saiba como proteger a sua empresa do ataque\t\t\t<\/a>\n\t\t<\/h2>\n\t\t\t\t<div class=\"elementor-post__excerpt\">\n\t\t\t<p>Recentemente, uma grande empresa brasileira sofreu um ataque\u00a0ransomware. O sequestro digital foi respons\u00e1vel por deixar a plataforma\u00a0online\u00a0da marca fora do ar e paralisou os pagamentos por meios digitais das lojas que operam fisicamente.<\/p>\n\t\t<\/div>\n\t\t\n\t\t<a class=\"elementor-post__read-more\" href=\"https:\/\/sempresafe.com\/en\/ransomware-saiba-como-proteger-a-sua-empresa-do-ataque\/\" aria-label=\"Read more about Ransomware: Saiba como proteger a sua empresa do ataque\" tabindex=\"-1\" >\n\t\t\tRead more\t\t<\/a>\n\n\t\t\t\t<\/div>\n\t\t\t\t\t<\/div>\n\t\t<\/article>\n\t\t\t\t<\/div>\n\t\t\n\t\t\t\t\t\t<\/div>\n\t\t\t\t<\/div>\n\t\t\t\t\t<\/div>\n\t\t<\/div>\n\t\t\t\t\t<\/div>\n\t\t<\/section>\n\t\t\t\t<\/div>","protected":false},"excerpt":{"rendered":"<p>Artigos de cybersecurity Fique por dentro das novidades<\/p>","protected":false},"author":19,"featured_media":0,"parent":0,"menu_order":0,"comment_status":"closed","ping_status":"closed","template":"elementor_header_footer","meta":{"_acf_changed":false,"footnotes":""},"class_list":["post-230","page","type-page","status-publish","hentry"],"acf":[],"_links":{"self":[{"href":"https:\/\/sempresafe.com\/en\/wp-json\/wp\/v2\/pages\/230","targetHints":{"allow":["GET"]}}],"collection":[{"href":"https:\/\/sempresafe.com\/en\/wp-json\/wp\/v2\/pages"}],"about":[{"href":"https:\/\/sempresafe.com\/en\/wp-json\/wp\/v2\/types\/page"}],"author":[{"embeddable":true,"href":"https:\/\/sempresafe.com\/en\/wp-json\/wp\/v2\/users\/19"}],"replies":[{"embeddable":true,"href":"https:\/\/sempresafe.com\/en\/wp-json\/wp\/v2\/comments?post=230"}],"version-history":[{"count":10,"href":"https:\/\/sempresafe.com\/en\/wp-json\/wp\/v2\/pages\/230\/revisions"}],"predecessor-version":[{"id":2786,"href":"https:\/\/sempresafe.com\/en\/wp-json\/wp\/v2\/pages\/230\/revisions\/2786"}],"wp:attachment":[{"href":"https:\/\/sempresafe.com\/en\/wp-json\/wp\/v2\/media?parent=230"}],"curies":[{"name":"wp","href":"https:\/\/api.w.org\/{rel}","templated":true}]}}