{"id":221,"date":"2022-02-19T17:01:47","date_gmt":"2022-02-19T20:01:47","guid":{"rendered":"https:\/\/sempresafe.com\/?page_id=221"},"modified":"2025-11-13T10:01:22","modified_gmt":"2025-11-13T13:01:22","slug":"cases","status":"publish","type":"page","link":"https:\/\/sempresafe.com\/en\/cases\/","title":{"rendered":"Cases"},"content":{"rendered":"<div data-elementor-type=\"wp-page\" data-elementor-id=\"221\" class=\"elementor elementor-221\" data-elementor-post-type=\"page\">\n\t\t\t\t\t\t<section class=\"elementor-section elementor-top-section elementor-element elementor-element-da6c6a0 elementor-section-boxed elementor-section-height-default elementor-section-height-default\" data-id=\"da6c6a0\" data-element_type=\"section\" data-e-type=\"section\" id=\"analise-de-vulnerabilidades\">\n\t\t\t\t\t\t<div class=\"elementor-container elementor-column-gap-default\">\n\t\t\t\t\t<div class=\"elementor-column elementor-col-50 elementor-top-column elementor-element elementor-element-cfc0d15\" data-id=\"cfc0d15\" data-element_type=\"column\" data-e-type=\"column\">\n\t\t\t<div class=\"elementor-widget-wrap elementor-element-populated\">\n\t\t\t\t\t\t<div class=\"elementor-element elementor-element-2962643 elementor-widget elementor-widget-heading\" data-id=\"2962643\" data-element_type=\"widget\" data-e-type=\"widget\" data-widget_type=\"heading.default\">\n\t\t\t\t<div class=\"elementor-widget-container\">\n\t\t\t\t\t<h1 class=\"elementor-heading-title elementor-size-default\">Cybersecurity cases<\/h1>\t\t\t\t<\/div>\n\t\t\t\t<\/div>\n\t\t\t\t<div class=\"elementor-element elementor-element-78e69cf elementor-widget elementor-widget-heading\" data-id=\"78e69cf\" data-element_type=\"widget\" data-e-type=\"widget\" data-widget_type=\"heading.default\">\n\t\t\t\t<div class=\"elementor-widget-container\">\n\t\t\t\t\t<h2 class=\"elementor-heading-title elementor-size-default\">Application protection<\/h2>\t\t\t\t<\/div>\n\t\t\t\t<\/div>\n\t\t\t\t<div class=\"elementor-element elementor-element-27f3f60 elementor-widget elementor-widget-text-editor\" data-id=\"27f3f60\" data-element_type=\"widget\" data-e-type=\"widget\" data-widget_type=\"text-editor.default\">\n\t\t\t\t<div class=\"elementor-widget-container\">\n\t\t\t\t\t\t\t\t\t<p>Electronics company<\/p>\t\t\t\t\t\t\t\t<\/div>\n\t\t\t\t<\/div>\n\t\t\t\t<div class=\"elementor-element elementor-element-8dbf21b elementor-widget elementor-widget-image\" data-id=\"8dbf21b\" data-element_type=\"widget\" data-e-type=\"widget\" data-widget_type=\"image.default\">\n\t\t\t\t<div class=\"elementor-widget-container\">\n\t\t\t\t\t\t\t\t\t\t\t\t\t\t\t<img fetchpriority=\"high\" decoding=\"async\" width=\"494\" height=\"379\" src=\"https:\/\/sempresafe.com\/wp-content\/uploads\/2022\/02\/Rectangle-2241.png\" class=\"attachment-large size-large wp-image-320\" alt=\"Cases de ciberseguran\u00e7a\" srcset=\"https:\/\/sempresafe.com\/wp-content\/uploads\/2022\/02\/Rectangle-2241.png 494w, https:\/\/sempresafe.com\/wp-content\/uploads\/2022\/02\/Rectangle-2241-300x230.png 300w\" sizes=\"(max-width: 494px) 100vw, 494px\" \/>\t\t\t\t\t\t\t\t\t\t\t\t\t\t\t<\/div>\n\t\t\t\t<\/div>\n\t\t\t\t\t<\/div>\n\t\t<\/div>\n\t\t\t\t<div class=\"elementor-column elementor-col-50 elementor-top-column elementor-element elementor-element-3f40e65\" data-id=\"3f40e65\" data-element_type=\"column\" data-e-type=\"column\">\n\t\t\t<div class=\"elementor-widget-wrap elementor-element-populated\">\n\t\t\t\t\t\t<div class=\"elementor-element elementor-element-f6f3df9 elementor-widget elementor-widget-heading\" data-id=\"f6f3df9\" data-element_type=\"widget\" data-e-type=\"widget\" data-widget_type=\"heading.default\">\n\t\t\t\t<div class=\"elementor-widget-container\">\n\t\t\t\t\t<h2 class=\"elementor-heading-title elementor-size-default\">Objective<\/h2>\t\t\t\t<\/div>\n\t\t\t\t<\/div>\n\t\t\t\t<div class=\"elementor-element elementor-element-e9938a8 elementor-widget__width-initial elementor-widget elementor-widget-text-editor\" data-id=\"e9938a8\" data-element_type=\"widget\" data-e-type=\"widget\" data-widget_type=\"text-editor.default\">\n\t\t\t\t<div class=\"elementor-widget-container\">\n\t\t\t\t\t\t\t\t\t<p>Sempre Safe was selected to analyze and protect the possible vulnerabilities of an application from a large electronics company.<\/p>\t\t\t\t\t\t\t\t<\/div>\n\t\t\t\t<\/div>\n\t\t\t\t<div class=\"elementor-element elementor-element-2c76447 elementor-widget-divider--view-line elementor-widget elementor-widget-divider\" data-id=\"2c76447\" data-element_type=\"widget\" data-e-type=\"widget\" data-widget_type=\"divider.default\">\n\t\t\t\t<div class=\"elementor-widget-container\">\n\t\t\t\t\t\t\t<div class=\"elementor-divider\">\n\t\t\t<span class=\"elementor-divider-separator\">\n\t\t\t\t\t\t<\/span>\n\t\t<\/div>\n\t\t\t\t\t\t<\/div>\n\t\t\t\t<\/div>\n\t\t\t\t<div class=\"elementor-element elementor-element-9479f20 elementor-widget elementor-widget-heading\" data-id=\"9479f20\" data-element_type=\"widget\" data-e-type=\"widget\" data-widget_type=\"heading.default\">\n\t\t\t\t<div class=\"elementor-widget-container\">\n\t\t\t\t\t<h2 class=\"elementor-heading-title elementor-size-default\">Challenges<\/h2>\t\t\t\t<\/div>\n\t\t\t\t<\/div>\n\t\t\t\t<div class=\"elementor-element elementor-element-7538423 elementor-widget__width-initial elementor-widget elementor-widget-text-editor\" data-id=\"7538423\" data-element_type=\"widget\" data-e-type=\"widget\" data-widget_type=\"text-editor.default\">\n\t\t\t\t<div class=\"elementor-widget-container\">\n\t\t\t\t\t\t\t\t\t<p>Deploy WAF protection as a service in the cloud and against OWASP vulnerabilities. Bot detection, management and mitigation, as well as securing application APIs and mitigating application-level DDoS attacks.<\/p>\t\t\t\t\t\t\t\t<\/div>\n\t\t\t\t<\/div>\n\t\t\t\t\t<\/div>\n\t\t<\/div>\n\t\t\t\t\t<\/div>\n\t\t<\/section>\n\t\t\t\t<section class=\"elementor-section elementor-top-section elementor-element elementor-element-98e9382 elementor-section-boxed elementor-section-height-default elementor-section-height-default\" data-id=\"98e9382\" data-element_type=\"section\" data-e-type=\"section\">\n\t\t\t\t\t\t<div class=\"elementor-container elementor-column-gap-default\">\n\t\t\t\t\t<div class=\"elementor-column elementor-col-100 elementor-top-column elementor-element elementor-element-30ad51f\" data-id=\"30ad51f\" data-element_type=\"column\" data-e-type=\"column\">\n\t\t\t<div class=\"elementor-widget-wrap elementor-element-populated\">\n\t\t\t\t\t\t<div class=\"elementor-element elementor-element-a172e01 elementor-widget elementor-widget-heading\" data-id=\"a172e01\" data-element_type=\"widget\" data-e-type=\"widget\" data-widget_type=\"heading.default\">\n\t\t\t\t<div class=\"elementor-widget-container\">\n\t\t\t\t\t<h2 class=\"elementor-heading-title elementor-size-default\">Results<\/h2>\t\t\t\t<\/div>\n\t\t\t\t<\/div>\n\t\t\t\t<section class=\"elementor-section elementor-inner-section elementor-element elementor-element-5ab4cb9 elementor-section-boxed elementor-section-height-default elementor-section-height-default\" data-id=\"5ab4cb9\" data-element_type=\"section\" data-e-type=\"section\">\n\t\t\t\t\t\t<div class=\"elementor-container elementor-column-gap-default\">\n\t\t\t\t\t<div class=\"elementor-column elementor-col-50 elementor-inner-column elementor-element elementor-element-f353fc1\" data-id=\"f353fc1\" data-element_type=\"column\" data-e-type=\"column\" data-settings=\"{&quot;background_background&quot;:&quot;classic&quot;}\">\n\t\t\t<div class=\"elementor-widget-wrap elementor-element-populated\">\n\t\t\t\t\t\t<div class=\"elementor-element elementor-element-b1a8163 elementor-position-inline-start elementor-widget__width-initial elementor-view-default elementor-mobile-position-block-start elementor-widget elementor-widget-icon-box\" data-id=\"b1a8163\" data-element_type=\"widget\" data-e-type=\"widget\" data-widget_type=\"icon-box.default\">\n\t\t\t\t<div class=\"elementor-widget-container\">\n\t\t\t\t\t\t\t<div class=\"elementor-icon-box-wrapper\">\n\n\t\t\t\t\t\t<div class=\"elementor-icon-box-icon\">\n\t\t\t\t<span  class=\"elementor-icon\">\n\t\t\t\t<svg xmlns=\"http:\/\/www.w3.org\/2000\/svg\" width=\"36\" height=\"36\" viewbox=\"0 0 36 36\" fill=\"none\"><path d=\"M12 16H20\" stroke=\"#5A1AF0\" stroke-width=\"2\" stroke-linecap=\"round\" stroke-linejoin=\"round\"><\/path><path d=\"M12 20H20\" stroke=\"#5A1AF0\" stroke-width=\"2\" stroke-linecap=\"round\" stroke-linejoin=\"round\"><\/path><path d=\"M12 24H16\" stroke=\"#5A1AF0\" stroke-width=\"2\" stroke-linecap=\"round\" stroke-linejoin=\"round\"><\/path><path d=\"M19.5858 31H6C5.73478 31 5.48043 30.8946 5.29289 30.7071C5.10536 30.5196 5 30.2652 5 30V10C5 9.73478 5.10536 9.48043 5.29289 9.29289C5.48043 9.10536 5.73478 9 6 9H26C26.2652 9 26.5196 9.10536 26.7071 9.29289C26.8946 9.48043 27 9.73478 27 10V23.5858C27 23.7171 26.9741 23.8471 26.9239 23.9685C26.8736 24.0898 26.8 24.2 26.7071 24.2929L20.2929 30.7071C20.2 30.8 20.0898 30.8736 19.9685 30.9239C19.8471 30.9741 19.7171 31 19.5858 31V31Z\" stroke=\"#5A1AF0\" stroke-width=\"2\" stroke-linecap=\"round\" stroke-linejoin=\"round\"><\/path><path d=\"M26.9095 23.999H20V30.909\" stroke=\"#5A1AF0\" stroke-width=\"2\" stroke-linecap=\"round\" stroke-linejoin=\"round\"><\/path><path d=\"M20.5 8.5L22 6L26 3.5C27.6667 5.16667 30.8 8.7 30 9.5C29 10.5 30.5 14 30 15.5C29.5 17 29 16.5 27.5 16.5H26C25.5 16.5 24 16 23 15.5C22.2 15.1 22 14.6667 22 14.5L20.5 12.5V10.5V8.5Z\" fill=\"white\"><\/path><path d=\"M26.5 13.6563C28.7954 13.6563 30.6562 11.7955 30.6562 9.50006C30.6562 7.20463 28.7954 5.34381 26.5 5.34381C24.2046 5.34381 22.3438 7.20463 22.3438 9.50006C22.3438 11.7955 24.2046 13.6563 26.5 13.6563Z\" stroke=\"#5A1AF0\" stroke-width=\"2\" stroke-linecap=\"round\" stroke-linejoin=\"round\"><\/path><path d=\"M21.1406 13.2799L21.0518 14.6577C21.0454 14.746 21.0586 14.8346 21.0903 14.9173C21.1221 14.9999 21.1717 15.0745 21.2356 15.1358C22.0896 15.9458 23.123 16.5424 24.2515 16.877C24.3365 16.9017 24.4259 16.9073 24.5134 16.8936C24.6008 16.8798 24.6841 16.8469 24.7574 16.7972L25.9062 16.0314H27.0937L28.2426 16.7972C28.3159 16.8469 28.3992 16.8798 28.4866 16.8936C28.5741 16.9074 28.6635 16.9017 28.7485 16.877C29.877 16.5425 30.9104 15.9458 31.7644 15.1358C31.8283 15.0745 31.8779 14.9999 31.9097 14.9173C31.9415 14.8347 31.9546 14.7461 31.9482 14.6578L31.8594 13.2799L32.4532 12.2515L33.6909 11.6395C33.7705 11.6009 33.8407 11.5452 33.8963 11.4764C33.952 11.4075 33.9918 11.3273 34.0129 11.2413C34.2874 10.0967 34.2874 8.90343 34.0129 7.75885C33.9918 7.67288 33.952 7.59261 33.8963 7.52378C33.8407 7.45494 33.7705 7.39923 33.6909 7.3606L32.4532 6.74861L31.8595 5.7202L31.9483 4.34234C31.9547 4.25404 31.9415 4.16542 31.9097 4.0828C31.878 4.00017 31.8284 3.92556 31.7645 3.86429C30.9105 3.05427 29.8771 2.45764 28.7486 2.12309C28.6636 2.09838 28.5742 2.09272 28.4867 2.10651C28.3993 2.12031 28.3159 2.15321 28.2426 2.20288L27.0938 2.96871H25.9063L24.7575 2.20285C24.6842 2.15317 24.6009 2.12027 24.5134 2.10648C24.426 2.09268 24.3366 2.09834 24.2516 2.12304C23.1231 2.4576 22.0897 3.05424 21.2357 3.86427C21.1718 3.92554 21.1222 4.00014 21.0904 4.08277C21.0586 4.1654 21.0454 4.25402 21.0518 4.34232L21.1406 5.72014L20.5469 6.74854L19.3092 7.36054C19.2295 7.39917 19.1594 7.45488 19.1037 7.52372C19.048 7.59255 19.0082 7.67281 18.9871 7.75879C18.7126 8.90337 18.7126 10.0966 18.9871 11.2412C19.0083 11.3272 19.0481 11.4075 19.1037 11.4763C19.1594 11.5451 19.2296 11.6008 19.3092 11.6395L20.5468 12.2515L21.1406 13.2799Z\" stroke=\"#5A1AF0\" stroke-width=\"2\" stroke-miterlimit=\"10\"><\/path><\/svg>\t\t\t\t<\/span>\n\t\t\t<\/div>\n\t\t\t\n\t\t\t\t\t\t<div class=\"elementor-icon-box-content\">\n\n\t\t\t\t\t\t\t\t\t<h3 class=\"elementor-icon-box-title\">\n\t\t\t\t\t\t<span  >\n\t\t\t\t\t\t\tSite switching automatically in case of main link down.\t\t\t\t\t\t<\/span>\n\t\t\t\t\t<\/h3>\n\t\t\t\t\n\t\t\t\t\n\t\t\t<\/div>\n\t\t\t\n\t\t<\/div>\n\t\t\t\t\t\t<\/div>\n\t\t\t\t<\/div>\n\t\t\t\t\t<\/div>\n\t\t<\/div>\n\t\t\t\t<div class=\"elementor-column elementor-col-50 elementor-inner-column elementor-element elementor-element-12a74aa\" data-id=\"12a74aa\" data-element_type=\"column\" data-e-type=\"column\" data-settings=\"{&quot;background_background&quot;:&quot;classic&quot;}\">\n\t\t\t<div class=\"elementor-widget-wrap elementor-element-populated\">\n\t\t\t\t\t\t<div class=\"elementor-element elementor-element-b5d4542 elementor-position-inline-start elementor-widget__width-initial elementor-view-default elementor-mobile-position-block-start elementor-widget elementor-widget-icon-box\" data-id=\"b5d4542\" data-element_type=\"widget\" data-e-type=\"widget\" data-widget_type=\"icon-box.default\">\n\t\t\t\t<div class=\"elementor-widget-container\">\n\t\t\t\t\t\t\t<div class=\"elementor-icon-box-wrapper\">\n\n\t\t\t\t\t\t<div class=\"elementor-icon-box-icon\">\n\t\t\t\t<span  class=\"elementor-icon\">\n\t\t\t\t<svg xmlns=\"http:\/\/www.w3.org\/2000\/svg\" width=\"36\" height=\"36\" viewbox=\"0 0 36 36\" fill=\"none\"><path d=\"M12 16H20\" stroke=\"#5A1AF0\" stroke-width=\"2\" stroke-linecap=\"round\" stroke-linejoin=\"round\"><\/path><path d=\"M12 20H20\" stroke=\"#5A1AF0\" stroke-width=\"2\" stroke-linecap=\"round\" stroke-linejoin=\"round\"><\/path><path d=\"M12 24H16\" stroke=\"#5A1AF0\" stroke-width=\"2\" stroke-linecap=\"round\" stroke-linejoin=\"round\"><\/path><path d=\"M19.5858 31H6C5.73478 31 5.48043 30.8946 5.29289 30.7071C5.10536 30.5196 5 30.2652 5 30V10C5 9.73478 5.10536 9.48043 5.29289 9.29289C5.48043 9.10536 5.73478 9 6 9H26C26.2652 9 26.5196 9.10536 26.7071 9.29289C26.8946 9.48043 27 9.73478 27 10V23.5858C27 23.7171 26.9741 23.8471 26.9239 23.9685C26.8736 24.0898 26.8 24.2 26.7071 24.2929L20.2929 30.7071C20.2 30.8 20.0898 30.8736 19.9685 30.9239C19.8471 30.9741 19.7171 31 19.5858 31V31Z\" stroke=\"#5A1AF0\" stroke-width=\"2\" stroke-linecap=\"round\" stroke-linejoin=\"round\"><\/path><path d=\"M26.9095 23.999H20V30.909\" stroke=\"#5A1AF0\" stroke-width=\"2\" stroke-linecap=\"round\" stroke-linejoin=\"round\"><\/path><path d=\"M20.5 8.5L22 6L26 3.5C27.6667 5.16667 30.8 8.7 30 9.5C29 10.5 30.5 14 30 15.5C29.5 17 29 16.5 27.5 16.5H26C25.5 16.5 24 16 23 15.5C22.2 15.1 22 14.6667 22 14.5L20.5 12.5V10.5V8.5Z\" fill=\"white\"><\/path><path d=\"M26.5 13.6563C28.7954 13.6563 30.6562 11.7955 30.6562 9.50006C30.6562 7.20463 28.7954 5.34381 26.5 5.34381C24.2046 5.34381 22.3438 7.20463 22.3438 9.50006C22.3438 11.7955 24.2046 13.6563 26.5 13.6563Z\" stroke=\"#5A1AF0\" stroke-width=\"2\" stroke-linecap=\"round\" stroke-linejoin=\"round\"><\/path><path d=\"M21.1406 13.2799L21.0518 14.6577C21.0454 14.746 21.0586 14.8346 21.0903 14.9173C21.1221 14.9999 21.1717 15.0745 21.2356 15.1358C22.0896 15.9458 23.123 16.5424 24.2515 16.877C24.3365 16.9017 24.4259 16.9073 24.5134 16.8936C24.6008 16.8798 24.6841 16.8469 24.7574 16.7972L25.9062 16.0314H27.0937L28.2426 16.7972C28.3159 16.8469 28.3992 16.8798 28.4866 16.8936C28.5741 16.9074 28.6635 16.9017 28.7485 16.877C29.877 16.5425 30.9104 15.9458 31.7644 15.1358C31.8283 15.0745 31.8779 14.9999 31.9097 14.9173C31.9415 14.8347 31.9546 14.7461 31.9482 14.6578L31.8594 13.2799L32.4532 12.2515L33.6909 11.6395C33.7705 11.6009 33.8407 11.5452 33.8963 11.4764C33.952 11.4075 33.9918 11.3273 34.0129 11.2413C34.2874 10.0967 34.2874 8.90343 34.0129 7.75885C33.9918 7.67288 33.952 7.59261 33.8963 7.52378C33.8407 7.45494 33.7705 7.39923 33.6909 7.3606L32.4532 6.74861L31.8595 5.7202L31.9483 4.34234C31.9547 4.25404 31.9415 4.16542 31.9097 4.0828C31.878 4.00017 31.8284 3.92556 31.7645 3.86429C30.9105 3.05427 29.8771 2.45764 28.7486 2.12309C28.6636 2.09838 28.5742 2.09272 28.4867 2.10651C28.3993 2.12031 28.3159 2.15321 28.2426 2.20288L27.0938 2.96871H25.9063L24.7575 2.20285C24.6842 2.15317 24.6009 2.12027 24.5134 2.10648C24.426 2.09268 24.3366 2.09834 24.2516 2.12304C23.1231 2.4576 22.0897 3.05424 21.2357 3.86427C21.1718 3.92554 21.1222 4.00014 21.0904 4.08277C21.0586 4.1654 21.0454 4.25402 21.0518 4.34232L21.1406 5.72014L20.5469 6.74854L19.3092 7.36054C19.2295 7.39917 19.1594 7.45488 19.1037 7.52372C19.048 7.59255 19.0082 7.67281 18.9871 7.75879C18.7126 8.90337 18.7126 10.0966 18.9871 11.2412C19.0083 11.3272 19.0481 11.4075 19.1037 11.4763C19.1594 11.5451 19.2296 11.6008 19.3092 11.6395L20.5468 12.2515L21.1406 13.2799Z\" stroke=\"#5A1AF0\" stroke-width=\"2\" stroke-miterlimit=\"10\"><\/path><\/svg>\t\t\t\t<\/span>\n\t\t\t<\/div>\n\t\t\t\n\t\t\t\t\t\t<div class=\"elementor-icon-box-content\">\n\n\t\t\t\t\t\t\t\t\t<h3 class=\"elementor-icon-box-title\">\n\t\t\t\t\t\t<span  >\n\t\t\t\t\t\t\tComplete environment monitoring.\t\t\t\t\t\t<\/span>\n\t\t\t\t\t<\/h3>\n\t\t\t\t\n\t\t\t\t\n\t\t\t<\/div>\n\t\t\t\n\t\t<\/div>\n\t\t\t\t\t\t<\/div>\n\t\t\t\t<\/div>\n\t\t\t\t\t<\/div>\n\t\t<\/div>\n\t\t\t\t\t<\/div>\n\t\t<\/section>\n\t\t\t\t\t<\/div>\n\t\t<\/div>\n\t\t\t\t\t<\/div>\n\t\t<\/section>\n\t\t\t\t<\/div>","protected":false},"excerpt":{"rendered":"<p>Cases de ciberseguran\u00e7a Prote\u00e7\u00e3o de aplica\u00e7\u00e3o Empresa de eletr\u00f4nicos Objetivo A Sempre Safe foi selecionada para analisar e proteger as poss\u00edveis vulnerabilidades de uma aplica\u00e7\u00e3o de uma grande empresa de eletr\u00f4nicos. Desafios Implantar a prote\u00e7\u00e3o WAF como um servi\u00e7o na nuvem e contra vulnerabilidades do OWASP. Detec\u00e7\u00e3o, gerenciamento e mitiga\u00e7\u00e3o de bot, al\u00e9m da prote\u00e7\u00e3o [&hellip;]<\/p>\n","protected":false},"author":19,"featured_media":0,"parent":0,"menu_order":0,"comment_status":"closed","ping_status":"closed","template":"elementor_header_footer","meta":{"_acf_changed":false,"footnotes":""},"class_list":["post-221","page","type-page","status-publish","hentry"],"acf":[],"_links":{"self":[{"href":"https:\/\/sempresafe.com\/en\/wp-json\/wp\/v2\/pages\/221","targetHints":{"allow":["GET"]}}],"collection":[{"href":"https:\/\/sempresafe.com\/en\/wp-json\/wp\/v2\/pages"}],"about":[{"href":"https:\/\/sempresafe.com\/en\/wp-json\/wp\/v2\/types\/page"}],"author":[{"embeddable":true,"href":"https:\/\/sempresafe.com\/en\/wp-json\/wp\/v2\/users\/19"}],"replies":[{"embeddable":true,"href":"https:\/\/sempresafe.com\/en\/wp-json\/wp\/v2\/comments?post=221"}],"version-history":[{"count":16,"href":"https:\/\/sempresafe.com\/en\/wp-json\/wp\/v2\/pages\/221\/revisions"}],"predecessor-version":[{"id":3666,"href":"https:\/\/sempresafe.com\/en\/wp-json\/wp\/v2\/pages\/221\/revisions\/3666"}],"wp:attachment":[{"href":"https:\/\/sempresafe.com\/en\/wp-json\/wp\/v2\/media?parent=221"}],"curies":[{"name":"wp","href":"https:\/\/api.w.org\/{rel}","templated":true}]}}