{"id":219,"date":"2022-02-19T17:01:38","date_gmt":"2022-02-19T20:01:38","guid":{"rendered":"https:\/\/sempresafe.com\/?page_id=219"},"modified":"2022-03-29T13:15:53","modified_gmt":"2022-03-29T16:15:53","slug":"treinamentos","status":"publish","type":"page","link":"https:\/\/sempresafe.com\/en\/treinamentos\/","title":{"rendered":"Training"},"content":{"rendered":"\t\t<div data-elementor-type=\"wp-page\" data-elementor-id=\"219\" class=\"elementor elementor-219\" data-elementor-post-type=\"page\">\n\t\t\t\t\t\t<section class=\"elementor-section elementor-top-section elementor-element elementor-element-abf352f elementor-section-boxed elementor-section-height-default elementor-section-height-default\" data-id=\"abf352f\" data-element_type=\"section\" data-e-type=\"section\">\n\t\t\t\t\t\t<div class=\"elementor-container elementor-column-gap-default\">\n\t\t\t\t\t<div class=\"elementor-column elementor-col-33 elementor-top-column elementor-element elementor-element-975bb3e\" data-id=\"975bb3e\" data-element_type=\"column\" data-e-type=\"column\">\n\t\t\t<div class=\"elementor-widget-wrap elementor-element-populated\">\n\t\t\t\t\t\t<div class=\"elementor-element elementor-element-ac0e46a elementor-widget elementor-widget-heading\" data-id=\"ac0e46a\" data-element_type=\"widget\" data-e-type=\"widget\" data-widget_type=\"heading.default\">\n\t\t\t\t<div class=\"elementor-widget-container\">\n\t\t\t\t\t<h2 class=\"elementor-heading-title elementor-size-default\">Sempre Safe, \nSempre Seguro<\/h2>\t\t\t\t<\/div>\n\t\t\t\t<\/div>\n\t\t\t\t<div class=\"elementor-element elementor-element-3d11a0e elementor-widget__width-initial elementor-widget elementor-widget-text-editor\" data-id=\"3d11a0e\" data-element_type=\"widget\" data-e-type=\"widget\" data-widget_type=\"text-editor.default\">\n\t\t\t\t<div class=\"elementor-widget-container\">\n\t\t\t\t\t\t\t\t\t<p>Conte com os treinamentos da Sempre Safe para capacitar seus colaboradores sobre poss\u00edveis amea\u00e7as.<\/p>\t\t\t\t\t\t\t\t<\/div>\n\t\t\t\t<\/div>\n\t\t\t\t<div class=\"elementor-element elementor-element-ede4e21 elementor-widget elementor-widget-html\" data-id=\"ede4e21\" data-element_type=\"widget\" data-e-type=\"widget\" id=\"btn-alt-spc\" data-widget_type=\"html.default\">\n\t\t\t\t<div class=\"elementor-widget-container\">\n\t\t\t\t\t<style>\r\n  #btn-alt-spc .btn-special {\r\nposition: relative;\r\nfont-family: \"Roboto\", Roboto !important;\r\nfont-style: normal;\r\nfont-weight: normal;\r\nfont-size: 12px;\r\nline-height: 140%;\r\ntext-transform: uppercase;\r\ncolor: #6D2FFF !important;\r\ndisplay: inline-block;\r\ntransition: all 0.3s ease 0s;\r\n-webkit-transition: all 0.3s ease 0s;\r\n-webkit-box-shadow: -9px 3px 9px rgba(0, 163, 255, 0.2);\r\nbox-shadow: -9px 3px 9px rgba(0, 163, 255, 0.2);\r\n}\r\n\r\n#btn-alt-spc .btn-special:hover {\r\n-webkit-box-shadow: -9px 3px 9px rgba(0, 163, 255, 0.2);\r\nbox-shadow: -9px 3px 9px rgba(0, 163, 255, 0.2);\r\ntransform: scale(0.9);\r\n}\r\n\r\n#btn-alt-spc .btn-special span {\r\ndisplay: block;\r\n}\r\n\r\n#btn-alt-spc .btn-special span  {\r\nbackground:#5A1AF0;\r\nborder: 1px solid #5A1AF0;\r\ndisplay: block;\r\npadding: 15px 50px;\r\ncolor: #FFFFFF;\r\n}\r\n\r\n#btn-alt-spc .btn-special:before,\r\n#btn-alt-spc .btn-special:after,\r\n#btn-alt-spc .btn-special span:before,\r\n#btn-alt-spc .btn-special span:after {\r\ncontent: '';\r\nwidth: 5px;\r\nheight: 5px;\r\nborder: 1px solid #5A1AF0;\r\nposition: absolute;\r\n-webkit-box-shadow: -9px 3px 9px rgba(0, 163, 255, 0.2);\r\nbox-shadow: -9px 3px 9px rgba(0, 163, 255, 0.2);\r\n\r\n}\r\n\r\n#btn-alt-spc .btn-special:after {\r\nborder-width: 0 0 2px 2px;\r\nbottom: -1px;\r\nleft: -1px;\r\n}\r\n\r\n#btn-alt-spc .btn-special:before {\r\ncontent: '';\r\nborder-width: 0px 2px 2px 0;\r\nbottom: -1px;\r\nright: -1px;\r\n}\r\n\r\n#btn-alt-spc .btn-special span:after {\r\nborder-width: 2px 0 0 2px;\r\ntop: -1px;\r\nleft: -1px;\r\n}\r\n\r\n#btn-alt-spc .btn-special span:before {\r\ncontent: '';\r\nborder-width: 2px 2px 0 0;\r\ntop: -1px;\r\nright: -1px;\r\n}\r\n<\/style>\r\n<a href=\"#form-espec\" class=\"btn-special\"><span>Saiba mais<\/span><\/a>\t\t\t\t<\/div>\n\t\t\t\t<\/div>\n\t\t\t\t\t<\/div>\n\t\t<\/div>\n\t\t\t\t<div class=\"elementor-column elementor-col-33 elementor-top-column elementor-element elementor-element-ac116b2\" data-id=\"ac116b2\" data-element_type=\"column\" data-e-type=\"column\">\n\t\t\t<div class=\"elementor-widget-wrap elementor-element-populated\">\n\t\t\t\t\t\t<div class=\"elementor-element elementor-element-07561a2 elementor-widget elementor-widget-image\" data-id=\"07561a2\" data-element_type=\"widget\" data-e-type=\"widget\" data-widget_type=\"image.default\">\n\t\t\t\t<div class=\"elementor-widget-container\">\n\t\t\t\t\t\t\t\t\t\t\t\t\t\t\t<img fetchpriority=\"high\" decoding=\"async\" width=\"689\" height=\"688\" src=\"https:\/\/sempresafe.com\/wp-content\/uploads\/2022\/02\/Group-20994.png\" class=\"attachment-full size-full wp-image-352\" alt=\"Treinamentos em ciberseguran\u00e7a\" srcset=\"https:\/\/sempresafe.com\/wp-content\/uploads\/2022\/02\/Group-20994.png 689w, https:\/\/sempresafe.com\/wp-content\/uploads\/2022\/02\/Group-20994-300x300.png 300w, https:\/\/sempresafe.com\/wp-content\/uploads\/2022\/02\/Group-20994-150x150.png 150w\" sizes=\"(max-width: 689px) 100vw, 689px\" \/>\t\t\t\t\t\t\t\t\t\t\t\t\t\t\t<\/div>\n\t\t\t\t<\/div>\n\t\t\t\t\t<\/div>\n\t\t<\/div>\n\t\t\t\t<div class=\"elementor-column elementor-col-33 elementor-top-column elementor-element elementor-element-781ef88\" data-id=\"781ef88\" data-element_type=\"column\" data-e-type=\"column\">\n\t\t\t<div class=\"elementor-widget-wrap elementor-element-populated\">\n\t\t\t\t\t\t<div class=\"elementor-element elementor-element-58637ae elementor-widget elementor-widget-heading\" data-id=\"58637ae\" data-element_type=\"widget\" data-e-type=\"widget\" data-widget_type=\"heading.default\">\n\t\t\t\t<div class=\"elementor-widget-container\">\n\t\t\t\t\t<h2 class=\"elementor-heading-title elementor-size-default\">Treinamentos<\/h2>\t\t\t\t<\/div>\n\t\t\t\t<\/div>\n\t\t\t\t<div class=\"elementor-element elementor-element-e4b249d elementor-widget elementor-widget-counter\" data-id=\"e4b249d\" data-element_type=\"widget\" data-e-type=\"widget\" data-widget_type=\"counter.default\">\n\t\t\t\t<div class=\"elementor-widget-container\">\n\t\t\t\t\t\t\t<div class=\"elementor-counter\">\n\t\t\t<div class=\"elementor-counter-title\">Das invas\u00f5es s\u00e3o causadas por erros humanos<\/div>\t\t\t<div class=\"elementor-counter-number-wrapper\">\n\t\t\t\t<span class=\"elementor-counter-number-prefix\"><\/span>\n\t\t\t\t<span class=\"elementor-counter-number\" data-duration=\"2000\" data-to-value=\"85\" data-from-value=\"0\" data-delimiter=\",\">0<\/span>\n\t\t\t\t<span class=\"elementor-counter-number-suffix\">%<\/span>\n\t\t\t<\/div>\n\t\t<\/div>\n\t\t\t\t\t\t<\/div>\n\t\t\t\t<\/div>\n\t\t\t\t<div class=\"elementor-element elementor-element-d3c0ebf elementor-widget__width-initial elementor-widget elementor-widget-text-editor\" data-id=\"d3c0ebf\" data-element_type=\"widget\" data-e-type=\"widget\" data-widget_type=\"text-editor.default\">\n\t\t\t\t<div class=\"elementor-widget-container\">\n\t\t\t\t\t\t\t\t\t<p>Fonte: 2021 Data Breach Investigations Report <\/p>\t\t\t\t\t\t\t\t<\/div>\n\t\t\t\t<\/div>\n\t\t\t\t\t<\/div>\n\t\t<\/div>\n\t\t\t\t\t<\/div>\n\t\t<\/section>\n\t\t\t\t<section class=\"elementor-section elementor-top-section elementor-element elementor-element-c7c5b4c elementor-section-full_width elementor-section-height-default elementor-section-height-default\" data-id=\"c7c5b4c\" data-element_type=\"section\" data-e-type=\"section\">\n\t\t\t\t\t\t<div class=\"elementor-container elementor-column-gap-default\">\n\t\t\t\t\t<div class=\"elementor-column elementor-col-50 elementor-top-column elementor-element elementor-element-5d4cdc7\" data-id=\"5d4cdc7\" data-element_type=\"column\" data-e-type=\"column\" data-settings=\"{&quot;background_background&quot;:&quot;classic&quot;}\">\n\t\t\t<div class=\"elementor-widget-wrap\">\n\t\t\t\t\t\t\t<\/div>\n\t\t<\/div>\n\t\t\t\t<div class=\"elementor-column elementor-col-50 elementor-top-column elementor-element elementor-element-6e69dbd\" data-id=\"6e69dbd\" data-element_type=\"column\" data-e-type=\"column\" data-settings=\"{&quot;background_background&quot;:&quot;classic&quot;}\">\n\t\t\t<div class=\"elementor-widget-wrap elementor-element-populated\">\n\t\t\t\t\t\t<section class=\"elementor-section elementor-inner-section elementor-element elementor-element-ba80b1d elementor-section-boxed elementor-section-height-default elementor-section-height-default\" data-id=\"ba80b1d\" data-element_type=\"section\" data-e-type=\"section\">\n\t\t\t\t\t\t<div class=\"elementor-container elementor-column-gap-default\">\n\t\t\t\t\t<div class=\"elementor-column elementor-col-100 elementor-inner-column elementor-element elementor-element-18527b0\" data-id=\"18527b0\" data-element_type=\"column\" data-e-type=\"column\">\n\t\t\t<div class=\"elementor-widget-wrap elementor-element-populated\">\n\t\t\t\t\t\t<div class=\"elementor-element elementor-element-6dcf4da elementor-widget__width-initial elementor-widget-mobile__width-initial elementor-widget elementor-widget-heading\" data-id=\"6dcf4da\" data-element_type=\"widget\" data-e-type=\"widget\" data-widget_type=\"heading.default\">\n\t\t\t\t<div class=\"elementor-widget-container\">\n\t\t\t\t\t<h2 class=\"elementor-heading-title elementor-size-default\">Priorizamos o conhecimento t\u00e9cnico e estrat\u00e9gico, e por este motivo, nossos treinamentos s\u00e3o de cunho pr\u00e1tico e conceitual. <\/h2>\t\t\t\t<\/div>\n\t\t\t\t<\/div>\n\t\t\t\t<div class=\"elementor-element elementor-element-bed2e91 elementor-widget__width-initial elementor-widget elementor-widget-text-editor\" data-id=\"bed2e91\" data-element_type=\"widget\" data-e-type=\"widget\" data-widget_type=\"text-editor.default\">\n\t\t\t\t<div class=\"elementor-widget-container\">\n\t\t\t\t\t\t\t\t\t<p>Mantemos uma ampla linha de treinamentos para que voc\u00ea possa qualificar seus profissionais e desta forma compor uma equipe de Seguran\u00e7a da Informa\u00e7\u00e3o com o conhecimento necess\u00e1rio para a defini\u00e7\u00e3o de sua arquitetura de Seguran\u00e7a da Informa\u00e7\u00e3o e implementa\u00e7\u00e3o de suas estrat\u00e9gias. <\/p>\t\t\t\t\t\t\t\t<\/div>\n\t\t\t\t<\/div>\n\t\t\t\t\t<\/div>\n\t\t<\/div>\n\t\t\t\t\t<\/div>\n\t\t<\/section>\n\t\t\t\t\t<\/div>\n\t\t<\/div>\n\t\t\t\t\t<\/div>\n\t\t<\/section>\n\t\t\t\t<section class=\"elementor-section elementor-top-section elementor-element elementor-element-eb95188 forms elementor-section-boxed elementor-section-height-default elementor-section-height-default\" data-id=\"eb95188\" data-element_type=\"section\" data-e-type=\"section\" id=\"form-espec\">\n\t\t\t\t\t\t<div class=\"elementor-container elementor-column-gap-default\">\n\t\t\t\t\t<div class=\"elementor-column elementor-col-100 elementor-top-column elementor-element elementor-element-ed5d761\" data-id=\"ed5d761\" data-element_type=\"column\" data-e-type=\"column\" data-settings=\"{&quot;background_background&quot;:&quot;classic&quot;}\">\n\t\t\t<div class=\"elementor-widget-wrap elementor-element-populated\">\n\t\t\t\t\t\t<div class=\"elementor-element elementor-element-81bd372 elementor-widget elementor-widget-heading\" data-id=\"81bd372\" data-element_type=\"widget\" data-e-type=\"widget\" data-widget_type=\"heading.default\">\n\t\t\t\t<div class=\"elementor-widget-container\">\n\t\t\t\t\t<h1 class=\"elementor-heading-title elementor-size-default\">Treinamentos em cybersecurity<\/h1>\t\t\t\t<\/div>\n\t\t\t\t<\/div>\n\t\t\t\t<div class=\"elementor-element elementor-element-15dde25 elementor-widget__width-initial elementor-widget elementor-widget-heading\" data-id=\"15dde25\" data-element_type=\"widget\" data-e-type=\"widget\" data-widget_type=\"heading.default\">\n\t\t\t\t<div class=\"elementor-widget-container\">\n\t\t\t\t\t<h2 class=\"elementor-heading-title elementor-size-default\">Fale com um de nossos especialistas e agende o treinamento da sua empresa<\/h2>\t\t\t\t<\/div>\n\t\t\t\t<\/div>\n\t\t\t\t<div class=\"elementor-element elementor-element-55a4762 elementor-button-align-start elementor-widget__width-initial elementor-widget elementor-widget-form\" data-id=\"55a4762\" data-element_type=\"widget\" data-e-type=\"widget\" data-settings=\"{&quot;step_next_label&quot;:&quot;Pr\\u00f3ximo&quot;,&quot;step_previous_label&quot;:&quot;Anterior&quot;,&quot;button_width&quot;:&quot;100&quot;,&quot;step_type&quot;:&quot;number_text&quot;,&quot;step_icon_shape&quot;:&quot;circle&quot;}\" data-widget_type=\"form.default\">\n\t\t\t\t<div class=\"elementor-widget-container\">\n\t\t\t\t\t\t\t<form class=\"elementor-form\" method=\"post\" name=\"Formul\u00e1rio Especialista (Treinamento)\" aria-label=\"Formul\u00e1rio Especialista (Treinamento)\">\n\t\t\t<input type=\"hidden\" name=\"post_id\" value=\"219\"\/>\n\t\t\t<input type=\"hidden\" name=\"form_id\" value=\"55a4762\"\/>\n\t\t\t<input type=\"hidden\" name=\"referer_title\" value=\"\" \/>\n\n\t\t\t\n\t\t\t<div class=\"elementor-form-fields-wrapper elementor-labels-above\">\n\t\t\t\t\t\t\t\t<div class=\"elementor-field-type-text elementor-field-group elementor-column elementor-field-group-name elementor-col-100\">\n\t\t\t\t\t\t\t\t\t\t\t\t<label for=\"form-field-name\" class=\"elementor-field-label\">\n\t\t\t\t\t\t\t\tNome\t\t\t\t\t\t\t<\/label>\n\t\t\t\t\t\t\t\t\t\t\t\t\t\t<input size=\"1\" type=\"text\" name=\"form_fields[name]\" id=\"form-field-name\" class=\"elementor-field elementor-size-md  elementor-field-textual\" placeholder=\"Deixe seu Nome\">\n\t\t\t\t\t\t\t\t\t\t\t<\/div>\n\t\t\t\t\t\t\t\t<div class=\"elementor-field-type-email elementor-field-group elementor-column elementor-field-group-email elementor-col-100 elementor-field-required\">\n\t\t\t\t\t\t\t\t\t\t\t\t<label for=\"form-field-email\" class=\"elementor-field-label\">\n\t\t\t\t\t\t\t\tE-mail\t\t\t\t\t\t\t<\/label>\n\t\t\t\t\t\t\t\t\t\t\t\t\t\t<input size=\"1\" type=\"email\" name=\"form_fields[email]\" id=\"form-field-email\" class=\"elementor-field elementor-size-md  elementor-field-textual\" placeholder=\"Deixe seu e-mail\" required=\"required\">\n\t\t\t\t\t\t\t\t\t\t\t<\/div>\n\t\t\t\t\t\t\t\t<div class=\"elementor-field-type-text elementor-field-group elementor-column elementor-field-group-field_7bf0ff7 elementor-col-100\">\n\t\t\t\t\t\t\t\t\t\t\t\t<label for=\"form-field-field_7bf0ff7\" class=\"elementor-field-label\">\n\t\t\t\t\t\t\t\tTelefone\t\t\t\t\t\t\t<\/label>\n\t\t\t\t\t\t\t\t\t\t\t\t\t\t<input size=\"1\" type=\"text\" name=\"form_fields[field_7bf0ff7]\" id=\"form-field-field_7bf0ff7\" class=\"elementor-field elementor-size-md  elementor-field-textual\" placeholder=\"(   )  __  -  ___________\">\n\t\t\t\t\t\t\t\t\t\t\t<\/div>\n\t\t\t\t\t\t\t\t<div class=\"elementor-field-type-textarea elementor-field-group elementor-column elementor-field-group-message elementor-col-100\">\n\t\t\t\t\t\t\t\t\t\t\t\t<label for=\"form-field-message\" class=\"elementor-field-label\">\n\t\t\t\t\t\t\t\tMensagem\t\t\t\t\t\t\t<\/label>\n\t\t\t\t\t\t<textarea class=\"elementor-field-textual elementor-field  elementor-size-md\" name=\"form_fields[message]\" id=\"form-field-message\" rows=\"9\" placeholder=\"Deixe aqui sua mensagem\"><\/textarea>\t\t\t\t<\/div>\n\t\t\t\t\t\t\t\t<div class=\"elementor-field-group elementor-column elementor-field-type-submit elementor-col-100 e-form__buttons\">\n\t\t\t\t\t<button class=\"elementor-button elementor-size-sm elementor-animation-shrink\" type=\"submit\">\n\t\t\t\t\t\t<span class=\"elementor-button-content-wrapper\">\n\t\t\t\t\t\t\t\t\t\t\t\t\t\t\t\t\t\t\t\t\t\t<span class=\"elementor-button-text\">Contato<\/span>\n\t\t\t\t\t\t\t\t\t\t\t\t\t<\/span>\n\t\t\t\t\t<\/button>\n\t\t\t\t<\/div>\n\t\t\t<\/div>\n\t\t<\/form>\n\t\t\t\t\t\t<\/div>\n\t\t\t\t<\/div>\n\t\t\t\t\t<\/div>\n\t\t<\/div>\n\t\t\t\t\t<\/div>\n\t\t<\/section>\n\t\t\t\t<\/div>\n\t\t","protected":false},"excerpt":{"rendered":"<p>Sempre Safe, Sempre Seguro Conte com os treinamentos da Sempre Safe para capacitar seus colaboradores sobre poss\u00edveis amea\u00e7as. Saiba mais Treinamentos 0 % Das invas\u00f5es s\u00e3o causadas por erros humanos Fonte: 2021 Data Breach Investigations Report Priorizamos o conhecimento t\u00e9cnico e estrat\u00e9gico, e por este motivo, nossos treinamentos s\u00e3o de cunho pr\u00e1tico e conceitual. Mantemos [&hellip;]<\/p>\n","protected":false},"author":19,"featured_media":0,"parent":0,"menu_order":0,"comment_status":"closed","ping_status":"closed","template":"elementor_header_footer","meta":{"_acf_changed":false,"footnotes":""},"class_list":["post-219","page","type-page","status-publish","hentry"],"acf":[],"_links":{"self":[{"href":"https:\/\/sempresafe.com\/en\/wp-json\/wp\/v2\/pages\/219","targetHints":{"allow":["GET"]}}],"collection":[{"href":"https:\/\/sempresafe.com\/en\/wp-json\/wp\/v2\/pages"}],"about":[{"href":"https:\/\/sempresafe.com\/en\/wp-json\/wp\/v2\/types\/page"}],"author":[{"embeddable":true,"href":"https:\/\/sempresafe.com\/en\/wp-json\/wp\/v2\/users\/19"}],"replies":[{"embeddable":true,"href":"https:\/\/sempresafe.com\/en\/wp-json\/wp\/v2\/comments?post=219"}],"version-history":[{"count":10,"href":"https:\/\/sempresafe.com\/en\/wp-json\/wp\/v2\/pages\/219\/revisions"}],"predecessor-version":[{"id":2943,"href":"https:\/\/sempresafe.com\/en\/wp-json\/wp\/v2\/pages\/219\/revisions\/2943"}],"wp:attachment":[{"href":"https:\/\/sempresafe.com\/en\/wp-json\/wp\/v2\/media?parent=219"}],"curies":[{"name":"wp","href":"https:\/\/api.w.org\/{rel}","templated":true}]}}